{"id":2859,"date":"2015-07-29T17:06:06","date_gmt":"2015-07-29T15:06:06","guid":{"rendered":"http:\/\/www.abrasiveplant-technology.com\/?page_id=2859"},"modified":"2022-11-21T15:56:08","modified_gmt":"2022-11-21T14:56:08","slug":"vertretungen","status":"publish","type":"page","link":"https:\/\/www.abrasiveplant-technology.com\/de\/vertretungen\/","title":{"rendered":"Vertretungen"},"content":{"rendered":"<p>[vc_row rt_row_paddings=&#8220;false&#8220; rt_row_no_padding=&#8220;false&#8220;][vc_column][\/vc_column][\/vc_row][vc_row][vc_column][vc_row_inner][vc_column_inner]<div class=\"rt_heading_wrapper \">\n\t\t\t\t\t\t<h5 class=\"rt_heading  \" >TRENKER 3T-CONSULTING Vertretungen<\/h5>\n\t\t\t\t\t<\/div>[vc_column_text]Da die Erkl\u00e4rung unserer Produkte einer gro\u00dfen Sorgfalt bedarf, legen wir gro\u00dfen Wert auf die Auswahl unserer Vertriebspartner.<\/p>\n<p>Unser Netz an Vertriebspartner bauen wir kontinuierlich aus, um Ihren Anforderungen auch in Zukunft gerecht werden zu k\u00f6nnen. Aus langj\u00e4hriger Erfahrung wissen wir, wie wichtig die richtige Beratung ein guter und effizienter Service ist.<\/p>\n<p>Nachfolgend finden Sie die Kontaktdaten unserer Vertriebspartner, sollte Ihr Land oder Ihre Region nicht aufgef\u00fchrt sein, wenden Sie sich bitte direkt an unsere Vertriebsabteilung unter:<\/p>\n<p>Telefon:\u00a0\u00a0\u00a0\u00a0\u00a0\u00a0\u00a0\u00a0\u00a0\u00a0 +49 (0) 7934 9907-85<\/p>\n<p>Telefax:\u00a0\u00a0\u00a0\u00a0\u00a0\u00a0\u00a0\u00a0\u00a0\u00a0 +49 (0) 7934 9907-86<\/p>\n<p>e-mail:\u00a0\u00a0\u00a0\u00a0\u00a0\u00a0\u00a0\u00a0\u00a0\u00a0\u00a0\u00a0 <a href=\"mailto:sales@abrasiveplant-technology.com\">sales@abrasiveplant-technology.com<\/a>[\/vc_column_text][\/vc_column_inner][\/vc_row_inner][\/vc_column][\/vc_row][vc_row rt_grid=&#8220;true&#8220;][vc_column width=&#8220;1\/3&#8243;]<div class=\"rt_heading_wrapper style-6\">\n\t\t\t\t\t\t<h6 class=\"rt_heading  style-6\" >Gebiet Gro\u00dfbritannien, Irland, S\u00fcdostasien<\/h6>\n\t\t\t\t\t<\/div>\t \n\t\t<div  class=\"with_icons style-3 hoeher\">\n\t\t\t \n\t\t<div  >\n\t\t<span class=\"icon-address icon\"><\/span><div class=\"list-content\"><p>QuanteQ Solutions Ltd.<br \/>\nDr. Peter J. Heath<br \/>\nThe Old Vicarage, Damsells Mill Lane<br \/>\nSheepscombe, Gloucestershire, GL6 7RH<br \/>\nUnited Kingdom<\/p>\n<\/div>\n\t\t<\/div>\n\t\t \n\t\t<div  >\n\t\t<span class=\"icon-phone icon\"><\/span><div class=\"list-content\"><p> phone +44\u00a0 1452 810 705<\/p>\n<\/div>\n\t\t<\/div>\n\t\t \n\t\t<div  >\n\t\t<span class=\"icon-mail-1 icon\"><\/span><div class=\"list-content\"><p> <a href=\"mailto:peter.heath@qs-diamondtechnology.com\">peter.heath@qs-diamondtechnology.com<\/a><\/p>\n<\/div>\n\t\t<\/div>\n\t\t \n\t\t<div  >\n\t\t<span class=\"icon-new-link-1 icon\"><\/span><div class=\"list-content\"><p> <a href=\"http:\/\/www.qs-diamondtechnology.com\" target=\"_blank\" rel=\"noopener noreferrer\">http:\/\/www.qs-diamondtechnology.com<\/a><\/p>\n<\/div>\n\t\t<\/div>\n\t\n\t\t<\/div>\n\t[\/vc_column][vc_column width=&#8220;1\/3&#8243;]<div class=\"rt_heading_wrapper \">\n\t\t\t\t\t\t<h6 class=\"rt_heading  \" >Gebiet China, Taiwan<\/h6>\n\t\t\t\t\t<\/div>\t \n\t\t<div  class=\"with_icons style-3 \">\n\t\t\t \n\t\t<div  >\n\t\t<span class=\"icon-address icon\"><\/span><div class=\"list-content\"><p>Corremax International Co., Ltd.<br \/>\nHerr Andrew Chang<br \/>\n4G09, No. 5, Sec. 5, Hsinyi Road<br \/>\nTaipei City, 110 Taiwan, R.O.C.<\/p>\n<\/div>\n\t\t<\/div>\n\t\t \n\t\t<div  >\n\t\t<span class=\"icon-phone icon\"><\/span><div class=\"list-content\"><p> phone +886 (2) 2345 \u2013 2929<\/p>\n<\/div>\n\t\t<\/div>\n\t\t \n\t\t<div  >\n\t\t<span class=\"icon-phone icon\"><\/span><div class=\"list-content\"><p> fax +886 (2) 2345 \u2013 0606<\/p>\n<\/div>\n\t\t<\/div>\n\t\t \n\t\t<div  >\n\t\t<span class=\"icon-mail-1 icon\"><\/span><div class=\"list-content\"><p> <a href=\"mailto:andrew.chang@corremax.com.tw\">andrew.chang@corremax.com.tw<\/a><\/p>\n<\/div>\n\t\t<\/div>\n\t\t \n\t\t<div  >\n\t\t<span class=\"icon-new-link-1 icon\"><\/span><div class=\"list-content\"><p> <a href=\"http:\/\/www.corremax-taiwan.com.tw\" target=\"_blank\" rel=\"noopener noreferrer\">http:\/\/www.corremax-taiwan.com.tw<\/a><\/p>\n<\/div>\n\t\t<\/div>\n\t\n\t\t<\/div>\n\t[\/vc_column][vc_column width=&#8220;1\/3&#8243;]<div class=\"rt_heading_wrapper \">\n\t\t\t\t\t\t<h5 class=\"rt_heading  \" >Gebiet Indien<\/h5>\n\t\t\t\t\t<\/div>\t \n\t\t<div  class=\"with_icons style-3 \">\n\t\t\t \n\t\t<div  >\n\t\t<span class=\"icon-address icon\"><\/span><div class=\"list-content\"><p>Tropical Marketing Company<br \/>\nD. J. Vazirani<br \/>\n130, Sindhi Society<br \/>\nChembur<br \/>\nMumbai \u2013 400 071, Indien<\/p>\n<\/div>\n\t\t<\/div>\n\t\t \n\t\t<div  >\n\t\t<span class=\"icon-phone icon\"><\/span><div class=\"list-content\"><p>phone +91 22 522 1891<\/p>\n<\/div>\n\t\t<\/div>\n\t\t \n\t\t<div  >\n\t\t<span class=\"icon-phone icon\"><\/span><div class=\"list-content\"><p>fax +91 22 523 2846<\/p>\n<\/div>\n\t\t<\/div>\n\t\t \n\t\t<div  >\n\t\t<span class=\"icon-mail-1 icon\"><\/span><div class=\"list-content\"><p><a href=\"mailto:vazirani@tropicalmarketing.net\">vazirani@tropicalmarketing.net<\/a><\/p>\n<\/div>\n\t\t<\/div>\n\t\n\t\t<\/div>\n\t[\/vc_column][\/vc_row]<\/p>","protected":false},"excerpt":{"rendered":"<p>[vc_row rt_row_paddings=&#8220;false&#8220; rt_row_no_padding=&#8220;false&#8220;][vc_column][\/vc_column][\/vc_row][vc_row][vc_column][vc_row_inner][vc_column_inner][vc_column_text]Da die Erkl\u00e4rung unserer Produkte einer gro\u00dfen Sorgfalt bedarf, legen wir gro\u00dfen Wert auf die Auswahl unserer Vertriebspartner. Unser Netz an Vertriebspartner bauen wir kontinuierlich aus, um Ihren Anforderungen auch in Zukunft gerecht werden zu k\u00f6nnen. Aus langj\u00e4hriger Erfahrung wissen wir, wie wichtig die richtige Beratung ein guter und effizienter Service ist. Nachfolgend [&hellip;]<\/p>\n","protected":false},"author":1,"featured_media":0,"parent":0,"menu_order":0,"comment_status":"closed","ping_status":"closed","template":"","meta":{"footnotes":""},"class_list":["post-2859","page","type-page","status-publish","hentry"],"_links":{"self":[{"href":"https:\/\/www.abrasiveplant-technology.com\/de\/wp-json\/wp\/v2\/pages\/2859"}],"collection":[{"href":"https:\/\/www.abrasiveplant-technology.com\/de\/wp-json\/wp\/v2\/pages"}],"about":[{"href":"https:\/\/www.abrasiveplant-technology.com\/de\/wp-json\/wp\/v2\/types\/page"}],"author":[{"embeddable":true,"href":"https:\/\/www.abrasiveplant-technology.com\/de\/wp-json\/wp\/v2\/users\/1"}],"replies":[{"embeddable":true,"href":"https:\/\/www.abrasiveplant-technology.com\/de\/wp-json\/wp\/v2\/comments?post=2859"}],"version-history":[{"count":35,"href":"https:\/\/www.abrasiveplant-technology.com\/de\/wp-json\/wp\/v2\/pages\/2859\/revisions"}],"predecessor-version":[{"id":4364,"href":"https:\/\/www.abrasiveplant-technology.com\/de\/wp-json\/wp\/v2\/pages\/2859\/revisions\/4364"}],"wp:attachment":[{"href":"https:\/\/www.abrasiveplant-technology.com\/de\/wp-json\/wp\/v2\/media?parent=2859"}],"curies":[{"name":"wp","href":"https:\/\/api.w.org\/{rel}","templated":true}]}}