{"id":2904,"date":"2015-07-30T14:07:38","date_gmt":"2015-07-30T12:07:38","guid":{"rendered":"http:\/\/www.abrasiveplant-technology.com\/?page_id=2904"},"modified":"2018-03-21T14:30:51","modified_gmt":"2018-03-21T13:30:51","slug":"historie","status":"publish","type":"page","link":"https:\/\/www.abrasiveplant-technology.com\/de\/historie\/","title":{"rendered":"Historie"},"content":{"rendered":"<p>[vc_row rt_padding_top=&#8220;60&#8243; rt_padding_bottom=&#8220;60&#8243;][vc_column]<div class=\"rt_heading_wrapper style-4\">\n\t\t\t\t\t\t<h1 class=\"rt_heading  style-4\" >Damals und heute<\/h1>\n\t\t\t\t\t<\/div>[\/vc_column][\/vc_row][vc_row rt_row_borders=&#8220;bottom&#8220;][vc_column]<div class=\"rt_heading_wrapper \">\n\t\t\t\t\t\t<h3 class=\"rt_heading  \" >Historie<\/h3>\n\t\t\t\t\t<\/div>[vc_column_text]Die TRENKER 3T-CONSULTING ist national und international t\u00e4tig mit den besonderen St\u00e4rken eines Familienunternehmens. Mit Flei\u00df, Ehrgeiz und dem Blick f\u00fcr das Wesentliche sowie mit Durchhalteverm\u00f6gen bieten wir seit mehr als 25 Jahren Produkte zum Wohle unserer Kunden an. Mit gro\u00dfem Einsatz f\u00fcr die Belange des Unternehmens und dem Anspruch f\u00fcr h\u00f6chste Qualit\u00e4t und Pr\u00e4zision wurde im Juni 2013 der Umzug in ein neues und funktionelleres Firmengeb\u00e4ude vorgenommen. Hier k\u00f6nnen wir unsere kontinuierliche Weiterentwicklung unter optimalen Bedingungen fortsetzen.[\/vc_column_text][\/vc_column][\/vc_row][vc_row rt_row_borders=&#8220;top,bottom&#8220; rt_bg_image_repeat=&#8220;no-repeat&#8220; rt_bg_attachment=&#8220;fixed&#8220; rt_padding_top=&#8220;60&#8243; rt_padding_bottom=&#8220;60&#8243;][vc_column]<div class=\"rt_heading_wrapper style-4\">\n\t\t\t\t\t\t<span class=\"punchline\">Meilensteine<\/span><h4 class=\"rt_heading  with_punchline style-4\" >Die Historie unserer Firma<\/h4>\n\t\t\t\t\t<\/div>\t \n\t\t<section  class=\"timeline  \">\n\t\t\t \n\t\t<div  >\n\t\t\t \n\t\t<span class=\"event-date\">\n\t\t\t<span class=\"day\"><\/span>\n\t\t\t<span class=\"month\"><\/span>\n\t\t\t<span class=\"year\">2015<\/span>\n\t\t<\/span>\n\t<div class=\"event-details\"><p>Lieferung der ersten Anlagen von VBA, DBA und CBA mit digitaler Steuerungstechnologie<\/p>\n<\/div>\n\t\t<\/div>\n\t\t \n\t\t<div  >\n\t\t\t \n\t\t<span class=\"event-date\">\n\t\t\t<span class=\"day\"><\/span>\n\t\t\t<span class=\"month\"><\/span>\n\t\t\t<span class=\"year\">2014<\/span>\n\t\t<\/span>\n\t<div class=\"event-details\"><p>Beginn der Umsetzung der Anlagentechnologie von Analog- und Relaistechnik auf digitale Technologien und Lieferung der ersten TLA mit digitaler Steuerungstechnologie und 6-achsen Lackierroboter<\/p>\n<\/div>\n\t\t<\/div>\n\t\t \n\t\t<div  >\n\t\t\t \n\t\t<span class=\"event-date\">\n\t\t\t<span class=\"day\"><\/span>\n\t\t\t<span class=\"month\"><\/span>\n\t\t\t<span class=\"year\">2013<\/span>\n\t\t<\/span>\n\t<div class=\"event-details\"><p>Umzug in das neue Firmengeb\u00e4ude in 97318 Kitzingen<\/p>\n<\/div>\n\t\t<\/div>\n\t\t \n\t\t<div  >\n\t\t\t \n\t\t<span class=\"event-date\">\n\t\t\t<span class=\"day\"><\/span>\n\t\t\t<span class=\"month\"><\/span>\n\t\t\t<span class=\"year\">2012<\/span>\n\t\t<\/span>\n\t<div class=\"event-details\"><p>Einhergehend mit dem Verkauf der Diamantdrahtanlagentechnologie, Ausgliederung der angestammten Technologien in die<br \/>\nAP-TECHNOLOGY<\/p>\n<\/div>\n\t\t<\/div>\n\t\t \n\t\t<div  >\n\t\t\t \n\t\t<span class=\"event-date\">\n\t\t\t<span class=\"day\"><\/span>\n\t\t\t<span class=\"month\"><\/span>\n\t\t\t<span class=\"year\">2012<\/span>\n\t\t<\/span>\n\t<div class=\"event-details\"><p>Verkauf der Produktsparte Diamantdrahtanlagentechnologie<\/p>\n<\/div>\n\t\t<\/div>\n\t\t \n\t\t<div  >\n\t\t\t \n\t\t<span class=\"event-date\">\n\t\t\t<span class=\"day\"><\/span>\n\t\t\t<span class=\"month\"><\/span>\n\t\t\t<span class=\"year\">2011<\/span>\n\t\t<\/span>\n\t<div class=\"event-details\"><p>Umwandlung der e.K. in eine GmbH &amp; Co. KG<\/p>\n<\/div>\n\t\t<\/div>\n\t\t \n\t\t<div  >\n\t\t\t \n\t\t<span class=\"event-date\">\n\t\t\t<span class=\"day\"><\/span>\n\t\t\t<span class=\"month\"><\/span>\n\t\t\t<span class=\"year\">2008<\/span>\n\t\t<\/span>\n\t<div class=\"event-details\"><p>Beginn der Entwicklung von Anlagen zur Herstellung von d\u00fcnnen Diamantdr\u00e4hten mit ultrafeinen Diamantk\u00f6rnungen f\u00fcr die Halbleiterindustrie<\/p>\n<\/div>\n\t\t<\/div>\n\t\t \n\t\t<div  >\n\t\t\t \n\t\t<span class=\"event-date\">\n\t\t\t<span class=\"day\"><\/span>\n\t\t\t<span class=\"month\"><\/span>\n\t\t\t<span class=\"year\">2002<\/span>\n\t\t<\/span>\n\t<div class=\"event-details\"><p>Umfirmierung zu TRENKER ABRASIVE PLANT TECHNOLOGY e.K.<\/p>\n<\/div>\n\t\t<\/div>\n\t\t \n\t\t<div  >\n\t\t\t \n\t\t<span class=\"event-date\">\n\t\t\t<span class=\"day\"><\/span>\n\t\t\t<span class=\"month\"><\/span>\n\t\t\t<span class=\"year\">1995<\/span>\n\t\t<\/span>\n\t<div class=\"event-details\"><p>Lieferung der ersten bahngesteuerten Lackieranlage TLA<\/p>\n<\/div>\n\t\t<\/div>\n\t\t \n\t\t<div  >\n\t\t\t \n\t\t<span class=\"event-date\">\n\t\t\t<span class=\"day\"><\/span>\n\t\t\t<span class=\"month\"><\/span>\n\t\t\t<span class=\"year\">1991<\/span>\n\t\t<\/span>\n\t<div class=\"event-details\"><p>Beginn der Produktion am ersten Wirtschaftsstandort Weikersheim und Lieferung der ersten Dentalbohreranlage<\/p>\n<\/div>\n\t\t<\/div>\n\t\t \n\t\t<div  >\n\t\t\t \n\t\t<span class=\"event-date\">\n\t\t\t<span class=\"day\"><\/span>\n\t\t\t<span class=\"month\"><\/span>\n\t\t\t<span class=\"year\">1990<\/span>\n\t\t<\/span>\n\t<div class=\"event-details\"><p>Gr\u00fcndung als TRENKER Diamant Anlagen Technik in Celle (Niedersachsen)<\/p>\n<\/div>\n\t\t<\/div>\n\t\n\t\t<\/section>\n\t[\/vc_column][\/vc_row]<\/p>","protected":false},"excerpt":{"rendered":"<p>[vc_row rt_padding_top=&#8220;60&#8243; rt_padding_bottom=&#8220;60&#8243;][vc_column][\/vc_column][\/vc_row][vc_row rt_row_borders=&#8220;bottom&#8220;][vc_column][vc_column_text]Die TRENKER 3T-CONSULTING ist national und international t\u00e4tig mit den besonderen St\u00e4rken eines Familienunternehmens. Mit Flei\u00df, Ehrgeiz und dem Blick f\u00fcr das Wesentliche sowie mit Durchhalteverm\u00f6gen bieten wir seit mehr als 25 Jahren Produkte zum Wohle unserer Kunden an. Mit gro\u00dfem Einsatz f\u00fcr die Belange des Unternehmens und dem Anspruch f\u00fcr h\u00f6chste [&hellip;]<\/p>\n","protected":false},"author":1,"featured_media":0,"parent":0,"menu_order":0,"comment_status":"open","ping_status":"open","template":"","meta":{"footnotes":""},"class_list":["post-2904","page","type-page","status-publish","hentry"],"_links":{"self":[{"href":"https:\/\/www.abrasiveplant-technology.com\/de\/wp-json\/wp\/v2\/pages\/2904"}],"collection":[{"href":"https:\/\/www.abrasiveplant-technology.com\/de\/wp-json\/wp\/v2\/pages"}],"about":[{"href":"https:\/\/www.abrasiveplant-technology.com\/de\/wp-json\/wp\/v2\/types\/page"}],"author":[{"embeddable":true,"href":"https:\/\/www.abrasiveplant-technology.com\/de\/wp-json\/wp\/v2\/users\/1"}],"replies":[{"embeddable":true,"href":"https:\/\/www.abrasiveplant-technology.com\/de\/wp-json\/wp\/v2\/comments?post=2904"}],"version-history":[{"count":30,"href":"https:\/\/www.abrasiveplant-technology.com\/de\/wp-json\/wp\/v2\/pages\/2904\/revisions"}],"predecessor-version":[{"id":4322,"href":"https:\/\/www.abrasiveplant-technology.com\/de\/wp-json\/wp\/v2\/pages\/2904\/revisions\/4322"}],"wp:attachment":[{"href":"https:\/\/www.abrasiveplant-technology.com\/de\/wp-json\/wp\/v2\/media?parent=2904"}],"curies":[{"name":"wp","href":"https:\/\/api.w.org\/{rel}","templated":true}]}}