{"id":3181,"date":"2015-11-30T14:26:37","date_gmt":"2015-11-30T13:26:37","guid":{"rendered":"http:\/\/www.abrasiveplant-technology.com\/?page_id=3181"},"modified":"2016-09-29T11:01:11","modified_gmt":"2016-09-29T09:01:11","slug":"halbleiterindustrie","status":"publish","type":"page","link":"https:\/\/www.abrasiveplant-technology.com\/de\/halbleiterindustrie\/","title":{"rendered":"Halbleiterindustrie"},"content":{"rendered":"<p>[vc_row rt_padding_top=&#8220;25&#8243; rt_padding_bottom=&#8220;25&#8243;][vc_column width=&#8220;1\/2&#8243;]\r\n\t\t\t\t<div id=\"slider-image-carousel-291191\" class=\"rt-carousel rt-image-carousel carousel-holder clearfix rt-image-carousel \" data-item-width=\"3\" data-nav=\"true\" data-dots=\"false\" data-margin=\"\" data-autoplay=\"true\" data-timeout=\"3500\" data-loop=\"false\" data-tablet-item-width=\"\" data-mobile-item-width=\"1\">\r\n\t\t\t\t\t<div class=\"owl-carousel\">\r\n\t\t\t\t\t\t<div><a id=\"lightbox-943379\" class=\"imgeffect zoom lightbox_\" data-group=\"slider-carousel-998054\" title=\"Enlarge Image\" data-title=\"cmp1\" data-sub-html=\"#lightbox-943379-description\" data-thumbnail=\"https:\/\/www.abrasiveplant-technology.com\/wp-content\/uploads\/2015\/11\/cmp1-75x50.jpg\" data-thumbTooltip=\"\" data-scaleUp=\"\" data-href=\"\" data-width=\"\" data-height=\"\" data-flashHasPriority=\"\" data-poster=\"\" data-autoplay=\"\" data-audiotitle=\"\" data-html=\"\" href=\"https:\/\/www.abrasiveplant-technology.com\/wp-content\/uploads\/2015\/11\/cmp1.jpg\" ><img decoding=\"async\" src=\"https:\/\/www.abrasiveplant-technology.com\/wp-content\/uploads\/2015\/11\/cmp1.jpg\" alt=\"\" itemprop=\"image\"><\/a>\r\n\t\t\t<div class=\"lighbox-description hidden\" id=\"lightbox-943379-description\">\r\n\t\t\t\t<strong>cmp1<\/strong><br>\r\n\t\t\t\t\r\n\t\t\t<\/div><\/div><div><a id=\"lightbox-311917\" class=\"imgeffect zoom lightbox_\" data-group=\"slider-carousel-998054\" title=\"Enlarge Image\" data-title=\"cmp2\" data-sub-html=\"#lightbox-311917-description\" data-thumbnail=\"https:\/\/www.abrasiveplant-technology.com\/wp-content\/uploads\/2015\/11\/cmp2-75x50.jpg\" data-thumbTooltip=\"\" data-scaleUp=\"\" data-href=\"\" data-width=\"\" data-height=\"\" data-flashHasPriority=\"\" data-poster=\"\" data-autoplay=\"\" data-audiotitle=\"\" data-html=\"\" href=\"https:\/\/www.abrasiveplant-technology.com\/wp-content\/uploads\/2015\/11\/cmp2.jpg\" ><img decoding=\"async\" src=\"https:\/\/www.abrasiveplant-technology.com\/wp-content\/uploads\/2015\/11\/cmp2.jpg\" alt=\"\" itemprop=\"image\"><\/a>\r\n\t\t\t<div class=\"lighbox-description hidden\" id=\"lightbox-311917-description\">\r\n\t\t\t\t<strong>cmp2<\/strong><br>\r\n\t\t\t\t\r\n\t\t\t<\/div><\/div><div><a id=\"lightbox-866500\" class=\"imgeffect zoom lightbox_\" data-group=\"slider-carousel-998054\" title=\"Enlarge Image\" data-title=\"bandsaegen\" data-sub-html=\"#lightbox-866500-description\" data-thumbnail=\"https:\/\/www.abrasiveplant-technology.com\/wp-content\/uploads\/2015\/11\/bandsaegen-75x50.jpg\" data-thumbTooltip=\"\" data-scaleUp=\"\" data-href=\"\" data-width=\"\" data-height=\"\" data-flashHasPriority=\"\" data-poster=\"\" data-autoplay=\"\" data-audiotitle=\"\" data-html=\"\" href=\"https:\/\/www.abrasiveplant-technology.com\/wp-content\/uploads\/2015\/11\/bandsaegen.jpg\" ><img decoding=\"async\" src=\"https:\/\/www.abrasiveplant-technology.com\/wp-content\/uploads\/2015\/11\/bandsaegen.jpg\" alt=\"\" itemprop=\"image\"><\/a>\r\n\t\t\t<div class=\"lighbox-description hidden\" id=\"lightbox-866500-description\">\r\n\t\t\t\t<strong>bandsaegen<\/strong><br>\r\n\t\t\t\t\r\n\t\t\t<\/div><\/div><div><a id=\"lightbox-137005\" class=\"imgeffect zoom lightbox_\" data-group=\"slider-carousel-998054\" title=\"Enlarge Image\" data-title=\"cmp3\" data-sub-html=\"#lightbox-137005-description\" data-thumbnail=\"https:\/\/www.abrasiveplant-technology.com\/wp-content\/uploads\/2015\/11\/cmp3-75x50.jpg\" data-thumbTooltip=\"\" data-scaleUp=\"\" data-href=\"\" data-width=\"\" data-height=\"\" data-flashHasPriority=\"\" data-poster=\"\" data-autoplay=\"\" data-audiotitle=\"\" data-html=\"\" href=\"https:\/\/www.abrasiveplant-technology.com\/wp-content\/uploads\/2015\/11\/cmp3.jpg\" ><img decoding=\"async\" src=\"https:\/\/www.abrasiveplant-technology.com\/wp-content\/uploads\/2015\/11\/cmp3.jpg\" alt=\"\" itemprop=\"image\"><\/a>\r\n\t\t\t<div class=\"lighbox-description hidden\" id=\"lightbox-137005-description\">\r\n\t\t\t\t<strong>cmp3<\/strong><br>\r\n\t\t\t\t\r\n\t\t\t<\/div><\/div><div><a id=\"lightbox-261786\" class=\"imgeffect zoom lightbox_\" data-group=\"slider-carousel-998054\" title=\"Enlarge Image\" data-title=\"diamantblatt\" data-sub-html=\"#lightbox-261786-description\" data-thumbnail=\"https:\/\/www.abrasiveplant-technology.com\/wp-content\/uploads\/2015\/11\/diamantblatt-75x50.jpg\" data-thumbTooltip=\"\" data-scaleUp=\"\" data-href=\"\" data-width=\"\" data-height=\"\" data-flashHasPriority=\"\" data-poster=\"\" data-autoplay=\"\" data-audiotitle=\"\" data-html=\"\" href=\"https:\/\/www.abrasiveplant-technology.com\/wp-content\/uploads\/2015\/11\/diamantblatt.jpg\" ><img decoding=\"async\" src=\"https:\/\/www.abrasiveplant-technology.com\/wp-content\/uploads\/2015\/11\/diamantblatt.jpg\" alt=\"\" itemprop=\"image\"><\/a>\r\n\t\t\t<div class=\"lighbox-description hidden\" id=\"lightbox-261786-description\">\r\n\t\t\t\t<strong>diamantblatt<\/strong><br>\r\n\t\t\t\t\r\n\t\t\t<\/div><\/div><div><a id=\"lightbox-329473\" class=\"imgeffect zoom lightbox_\" data-group=\"slider-carousel-998054\" title=\"Enlarge Image\" data-title=\"diamantdraht\" data-sub-html=\"#lightbox-329473-description\" data-thumbnail=\"https:\/\/www.abrasiveplant-technology.com\/wp-content\/uploads\/2015\/11\/diamantdraht-75x50.jpg\" data-thumbTooltip=\"\" data-scaleUp=\"\" data-href=\"\" data-width=\"\" data-height=\"\" data-flashHasPriority=\"\" data-poster=\"\" data-autoplay=\"\" data-audiotitle=\"\" data-html=\"\" href=\"https:\/\/www.abrasiveplant-technology.com\/wp-content\/uploads\/2015\/11\/diamantdraht.jpg\" ><img decoding=\"async\" src=\"https:\/\/www.abrasiveplant-technology.com\/wp-content\/uploads\/2015\/11\/diamantdraht.jpg\" alt=\"\" itemprop=\"image\"><\/a>\r\n\t\t\t<div class=\"lighbox-description hidden\" id=\"lightbox-329473-description\">\r\n\t\t\t\t<strong>diamantdraht<\/strong><br>\r\n\t\t\t\t\r\n\t\t\t<\/div><\/div><div><a id=\"lightbox-712996\" class=\"imgeffect zoom lightbox_\" data-group=\"slider-carousel-998054\" title=\"Enlarge Image\" data-title=\"dicingblades\" data-sub-html=\"#lightbox-712996-description\" data-thumbnail=\"https:\/\/www.abrasiveplant-technology.com\/wp-content\/uploads\/2015\/11\/dicingblades-75x50.jpg\" data-thumbTooltip=\"\" data-scaleUp=\"\" data-href=\"\" data-width=\"\" data-height=\"\" data-flashHasPriority=\"\" data-poster=\"\" data-autoplay=\"\" data-audiotitle=\"\" data-html=\"\" href=\"https:\/\/www.abrasiveplant-technology.com\/wp-content\/uploads\/2015\/11\/dicingblades.jpg\" ><img decoding=\"async\" src=\"https:\/\/www.abrasiveplant-technology.com\/wp-content\/uploads\/2015\/11\/dicingblades.jpg\" alt=\"\" itemprop=\"image\"><\/a>\r\n\t\t\t<div class=\"lighbox-description hidden\" id=\"lightbox-712996-description\">\r\n\t\t\t\t<strong>dicingblades<\/strong><br>\r\n\t\t\t\t\r\n\t\t\t<\/div><\/div><div><a id=\"lightbox-693923\" class=\"imgeffect zoom lightbox_\" data-group=\"slider-carousel-998054\" title=\"Enlarge Image\" data-title=\"dicingblades2\" data-sub-html=\"#lightbox-693923-description\" data-thumbnail=\"https:\/\/www.abrasiveplant-technology.com\/wp-content\/uploads\/2015\/11\/dicingblades2-75x50.jpg\" data-thumbTooltip=\"\" data-scaleUp=\"\" data-href=\"\" data-width=\"\" data-height=\"\" data-flashHasPriority=\"\" data-poster=\"\" data-autoplay=\"\" data-audiotitle=\"\" data-html=\"\" href=\"https:\/\/www.abrasiveplant-technology.com\/wp-content\/uploads\/2015\/11\/dicingblades2.jpg\" ><img decoding=\"async\" src=\"https:\/\/www.abrasiveplant-technology.com\/wp-content\/uploads\/2015\/11\/dicingblades2.jpg\" alt=\"\" itemprop=\"image\"><\/a>\r\n\t\t\t<div class=\"lighbox-description hidden\" id=\"lightbox-693923-description\">\r\n\t\t\t\t<strong>dicingblades2<\/strong><br>\r\n\t\t\t\t\r\n\t\t\t<\/div><\/div><div><a id=\"lightbox-796012\" class=\"imgeffect zoom lightbox_\" data-group=\"slider-carousel-998054\" title=\"Enlarge Image\" data-title=\"dicingblades3\" data-sub-html=\"#lightbox-796012-description\" data-thumbnail=\"https:\/\/www.abrasiveplant-technology.com\/wp-content\/uploads\/2015\/11\/dicingblades3-75x50.jpg\" data-thumbTooltip=\"\" data-scaleUp=\"\" data-href=\"\" data-width=\"\" data-height=\"\" data-flashHasPriority=\"\" data-poster=\"\" data-autoplay=\"\" data-audiotitle=\"\" data-html=\"\" href=\"https:\/\/www.abrasiveplant-technology.com\/wp-content\/uploads\/2015\/11\/dicingblades3.jpg\" ><img decoding=\"async\" src=\"https:\/\/www.abrasiveplant-technology.com\/wp-content\/uploads\/2015\/11\/dicingblades3.jpg\" alt=\"\" itemprop=\"image\"><\/a>\r\n\t\t\t<div class=\"lighbox-description hidden\" id=\"lightbox-796012-description\">\r\n\t\t\t\t<strong>dicingblades3<\/strong><br>\r\n\t\t\t\t\r\n\t\t\t<\/div><\/div><div><a id=\"lightbox-391092\" class=\"imgeffect zoom lightbox_\" data-group=\"slider-carousel-998054\" title=\"Enlarge Image\" data-title=\"disc\" data-sub-html=\"#lightbox-391092-description\" data-thumbnail=\"https:\/\/www.abrasiveplant-technology.com\/wp-content\/uploads\/2015\/11\/disc-75x50.jpg\" data-thumbTooltip=\"\" data-scaleUp=\"\" data-href=\"\" data-width=\"\" data-height=\"\" data-flashHasPriority=\"\" data-poster=\"\" data-autoplay=\"\" data-audiotitle=\"\" data-html=\"\" href=\"https:\/\/www.abrasiveplant-technology.com\/wp-content\/uploads\/2015\/11\/disc.jpg\" ><img decoding=\"async\" src=\"https:\/\/www.abrasiveplant-technology.com\/wp-content\/uploads\/2015\/11\/disc.jpg\" alt=\"\" itemprop=\"image\"><\/a>\r\n\t\t\t<div class=\"lighbox-description hidden\" id=\"lightbox-391092-description\">\r\n\t\t\t\t<strong>disc<\/strong><br>\r\n\t\t\t\t\r\n\t\t\t<\/div><\/div><div><a id=\"lightbox-655754\" class=\"imgeffect zoom lightbox_\" data-group=\"slider-carousel-998054\" title=\"Enlarge Image\" data-title=\"saegeblatt\" data-sub-html=\"#lightbox-655754-description\" data-thumbnail=\"https:\/\/www.abrasiveplant-technology.com\/wp-content\/uploads\/2015\/11\/saegeblatt-75x50.jpg\" data-thumbTooltip=\"\" data-scaleUp=\"\" data-href=\"\" data-width=\"\" data-height=\"\" data-flashHasPriority=\"\" data-poster=\"\" data-autoplay=\"\" data-audiotitle=\"\" data-html=\"\" href=\"https:\/\/www.abrasiveplant-technology.com\/wp-content\/uploads\/2015\/11\/saegeblatt.jpg\" ><img decoding=\"async\" src=\"https:\/\/www.abrasiveplant-technology.com\/wp-content\/uploads\/2015\/11\/saegeblatt.jpg\" alt=\"\" itemprop=\"image\"><\/a>\r\n\t\t\t<div class=\"lighbox-description hidden\" id=\"lightbox-655754-description\">\r\n\t\t\t\t<strong>saegeblatt<\/strong><br>\r\n\t\t\t\t\r\n\t\t\t<\/div><\/div><div><a id=\"lightbox-552414\" class=\"imgeffect zoom lightbox_\" data-group=\"slider-carousel-998054\" title=\"Enlarge Image\" data-title=\"saegeblatt2\" data-sub-html=\"#lightbox-552414-description\" data-thumbnail=\"https:\/\/www.abrasiveplant-technology.com\/wp-content\/uploads\/2015\/11\/saegeblatt2-75x50.jpg\" data-thumbTooltip=\"\" data-scaleUp=\"\" data-href=\"\" data-width=\"\" data-height=\"\" data-flashHasPriority=\"\" data-poster=\"\" data-autoplay=\"\" data-audiotitle=\"\" data-html=\"\" href=\"https:\/\/www.abrasiveplant-technology.com\/wp-content\/uploads\/2015\/11\/saegeblatt2.jpg\" ><img decoding=\"async\" src=\"https:\/\/www.abrasiveplant-technology.com\/wp-content\/uploads\/2015\/11\/saegeblatt2.jpg\" alt=\"\" itemprop=\"image\"><\/a>\r\n\t\t\t<div class=\"lighbox-description hidden\" id=\"lightbox-552414-description\">\r\n\t\t\t\t<strong>saegeblatt2<\/strong><br>\r\n\t\t\t\t\r\n\t\t\t<\/div><\/div>\r\n\t\t\t\t\t<\/div>\r\n\t\t\t\t\t\r\n\t\t\t\t<\/div>\r\n\t\t\t[\/vc_column][vc_column width=&#8220;1\/2&#8243;][vc_column_text]<\/p>\n<ul>\n<li>Dicing Blades<\/li>\n<li>Diamant-Bands\u00e4gen<\/li>\n<li>CMP Conditioner Pads<\/li>\n<li>Diamant-S\u00e4gebl\u00e4tter<\/li>\n<li>Diamantdraht<\/li>\n<\/ul>\n<p>[\/vc_column_text][\/vc_column][\/vc_row]<\/p>","protected":false},"excerpt":{"rendered":"<p>[vc_row rt_padding_top=&#8220;25&#8243; rt_padding_bottom=&#8220;25&#8243;][vc_column width=&#8220;1\/2&#8243;][\/vc_column][vc_column width=&#8220;1\/2&#8243;][vc_column_text] Dicing Blades Diamant-Bands\u00e4gen CMP Conditioner Pads Diamant-S\u00e4gebl\u00e4tter Diamantdraht [\/vc_column_text][\/vc_column][\/vc_row]<\/p>\n","protected":false},"author":1,"featured_media":0,"parent":0,"menu_order":0,"comment_status":"closed","ping_status":"closed","template":"","meta":{"footnotes":""},"class_list":["post-3181","page","type-page","status-publish","hentry"],"_links":{"self":[{"href":"https:\/\/www.abrasiveplant-technology.com\/de\/wp-json\/wp\/v2\/pages\/3181"}],"collection":[{"href":"https:\/\/www.abrasiveplant-technology.com\/de\/wp-json\/wp\/v2\/pages"}],"about":[{"href":"https:\/\/www.abrasiveplant-technology.com\/de\/wp-json\/wp\/v2\/types\/page"}],"author":[{"embeddable":true,"href":"https:\/\/www.abrasiveplant-technology.com\/de\/wp-json\/wp\/v2\/users\/1"}],"replies":[{"embeddable":true,"href":"https:\/\/www.abrasiveplant-technology.com\/de\/wp-json\/wp\/v2\/comments?post=3181"}],"version-history":[{"count":7,"href":"https:\/\/www.abrasiveplant-technology.com\/de\/wp-json\/wp\/v2\/pages\/3181\/revisions"}],"predecessor-version":[{"id":4032,"href":"https:\/\/www.abrasiveplant-technology.com\/de\/wp-json\/wp\/v2\/pages\/3181\/revisions\/4032"}],"wp:attachment":[{"href":"https:\/\/www.abrasiveplant-technology.com\/de\/wp-json\/wp\/v2\/media?parent=3181"}],"curies":[{"name":"wp","href":"https:\/\/api.w.org\/{rel}","templated":true}]}}