{"id":3187,"date":"2015-11-30T14:31:37","date_gmt":"2015-11-30T13:31:37","guid":{"rendered":"http:\/\/www.abrasiveplant-technology.com\/?page_id=3187"},"modified":"2016-09-29T11:04:37","modified_gmt":"2016-09-29T09:04:37","slug":"steinindustrie","status":"publish","type":"page","link":"https:\/\/www.abrasiveplant-technology.com\/de\/steinindustrie\/","title":{"rendered":"Steinindustrie"},"content":{"rendered":"<p>[vc_row rt_padding_top=&#8220;25&#8243; rt_padding_bottom=&#8220;25&#8243;][vc_column width=&#8220;1\/2&#8243;]\r\n\t\t\t\t<div id=\"slider-image-carousel-832240\" class=\"rt-carousel rt-image-carousel carousel-holder clearfix rt-image-carousel \" data-item-width=\"3\" data-nav=\"true\" data-dots=\"false\" data-margin=\"\" data-autoplay=\"true\" data-timeout=\"3500\" data-loop=\"false\" data-tablet-item-width=\"\" data-mobile-item-width=\"1\">\r\n\t\t\t\t\t<div class=\"owl-carousel\">\r\n\t\t\t\t\t\t<div><a id=\"lightbox-382288\" class=\"imgeffect zoom lightbox_\" data-group=\"slider-carousel-357346\" title=\"Enlarge Image\" data-title=\"kreissaege\" data-sub-html=\"#lightbox-382288-description\" data-thumbnail=\"https:\/\/www.abrasiveplant-technology.com\/wp-content\/uploads\/2015\/11\/kreissaege-75x50.jpg\" data-thumbTooltip=\"\" data-scaleUp=\"\" data-href=\"\" data-width=\"\" data-height=\"\" data-flashHasPriority=\"\" data-poster=\"\" data-autoplay=\"\" data-audiotitle=\"\" data-html=\"\" href=\"https:\/\/www.abrasiveplant-technology.com\/wp-content\/uploads\/2015\/11\/kreissaege.jpg\" ><img decoding=\"async\" src=\"https:\/\/www.abrasiveplant-technology.com\/wp-content\/uploads\/2015\/11\/kreissaege.jpg\" alt=\"\" itemprop=\"image\"><\/a>\r\n\t\t\t<div class=\"lighbox-description hidden\" id=\"lightbox-382288-description\">\r\n\t\t\t\t<strong>kreissaege<\/strong><br>\r\n\t\t\t\t\r\n\t\t\t<\/div><\/div><div><a id=\"lightbox-334431\" class=\"imgeffect zoom lightbox_\" data-group=\"slider-carousel-357346\" title=\"Enlarge Image\" data-title=\"trennscheiben\" data-sub-html=\"#lightbox-334431-description\" data-thumbnail=\"https:\/\/www.abrasiveplant-technology.com\/wp-content\/uploads\/2015\/11\/trennscheiben-75x50.jpg\" data-thumbTooltip=\"\" data-scaleUp=\"\" data-href=\"\" data-width=\"\" data-height=\"\" data-flashHasPriority=\"\" data-poster=\"\" data-autoplay=\"\" data-audiotitle=\"\" data-html=\"\" href=\"https:\/\/www.abrasiveplant-technology.com\/wp-content\/uploads\/2015\/11\/trennscheiben.jpg\" ><img decoding=\"async\" src=\"https:\/\/www.abrasiveplant-technology.com\/wp-content\/uploads\/2015\/11\/trennscheiben.jpg\" alt=\"\" itemprop=\"image\"><\/a>\r\n\t\t\t<div class=\"lighbox-description hidden\" id=\"lightbox-334431-description\">\r\n\t\t\t\t<strong>trennscheiben<\/strong><br>\r\n\t\t\t\t\r\n\t\t\t<\/div><\/div><div><a id=\"lightbox-299040\" class=\"imgeffect zoom lightbox_\" data-group=\"slider-carousel-357346\" title=\"Enlarge Image\" data-title=\"schleifkegel\" data-sub-html=\"#lightbox-299040-description\" data-thumbnail=\"https:\/\/www.abrasiveplant-technology.com\/wp-content\/uploads\/2015\/11\/schleifkegel1-75x50.jpg\" data-thumbTooltip=\"\" data-scaleUp=\"\" data-href=\"\" data-width=\"\" data-height=\"\" data-flashHasPriority=\"\" data-poster=\"\" data-autoplay=\"\" data-audiotitle=\"\" data-html=\"\" href=\"https:\/\/www.abrasiveplant-technology.com\/wp-content\/uploads\/2015\/11\/schleifkegel1.jpg\" ><img decoding=\"async\" src=\"https:\/\/www.abrasiveplant-technology.com\/wp-content\/uploads\/2015\/11\/schleifkegel1.jpg\" alt=\"\" itemprop=\"image\"><\/a>\r\n\t\t\t<div class=\"lighbox-description hidden\" id=\"lightbox-299040-description\">\r\n\t\t\t\t<strong>schleifkegel<\/strong><br>\r\n\t\t\t\t\r\n\t\t\t<\/div><\/div><div><a id=\"lightbox-131345\" class=\"imgeffect zoom lightbox_\" data-group=\"slider-carousel-357346\" title=\"Enlarge Image\" data-title=\"profilscheiben\" data-sub-html=\"#lightbox-131345-description\" data-thumbnail=\"https:\/\/www.abrasiveplant-technology.com\/wp-content\/uploads\/2015\/11\/profilscheiben-75x50.jpg\" data-thumbTooltip=\"\" data-scaleUp=\"\" data-href=\"\" data-width=\"\" data-height=\"\" data-flashHasPriority=\"\" data-poster=\"\" data-autoplay=\"\" data-audiotitle=\"\" data-html=\"\" href=\"https:\/\/www.abrasiveplant-technology.com\/wp-content\/uploads\/2015\/11\/profilscheiben.jpg\" ><img decoding=\"async\" src=\"https:\/\/www.abrasiveplant-technology.com\/wp-content\/uploads\/2015\/11\/profilscheiben.jpg\" alt=\"\" itemprop=\"image\"><\/a>\r\n\t\t\t<div class=\"lighbox-description hidden\" id=\"lightbox-131345-description\">\r\n\t\t\t\t<strong>profilscheiben<\/strong><br>\r\n\t\t\t\t\r\n\t\t\t<\/div><\/div><div><a id=\"lightbox-785491\" class=\"imgeffect zoom lightbox_\" data-group=\"slider-carousel-357346\" title=\"Enlarge Image\" data-title=\"saegeperlen\" data-sub-html=\"#lightbox-785491-description\" data-thumbnail=\"https:\/\/www.abrasiveplant-technology.com\/wp-content\/uploads\/2015\/11\/saegeperlen-75x50.jpg\" data-thumbTooltip=\"\" data-scaleUp=\"\" data-href=\"\" data-width=\"\" data-height=\"\" data-flashHasPriority=\"\" data-poster=\"\" data-autoplay=\"\" data-audiotitle=\"\" data-html=\"\" href=\"https:\/\/www.abrasiveplant-technology.com\/wp-content\/uploads\/2015\/11\/saegeperlen.jpg\" ><img decoding=\"async\" src=\"https:\/\/www.abrasiveplant-technology.com\/wp-content\/uploads\/2015\/11\/saegeperlen.jpg\" alt=\"\" itemprop=\"image\"><\/a>\r\n\t\t\t<div class=\"lighbox-description hidden\" id=\"lightbox-785491-description\">\r\n\t\t\t\t<strong>saegeperlen<\/strong><br>\r\n\t\t\t\t\r\n\t\t\t<\/div><\/div><div><a id=\"lightbox-918137\" class=\"imgeffect zoom lightbox_\" data-group=\"slider-carousel-357346\" title=\"Enlarge Image\" data-title=\"bandsaegen\" data-sub-html=\"#lightbox-918137-description\" data-thumbnail=\"https:\/\/www.abrasiveplant-technology.com\/wp-content\/uploads\/2015\/11\/bandsaegen1-75x50.jpg\" data-thumbTooltip=\"\" data-scaleUp=\"\" data-href=\"\" data-width=\"\" data-height=\"\" data-flashHasPriority=\"\" data-poster=\"\" data-autoplay=\"\" data-audiotitle=\"\" data-html=\"\" href=\"https:\/\/www.abrasiveplant-technology.com\/wp-content\/uploads\/2015\/11\/bandsaegen1.jpg\" ><img decoding=\"async\" src=\"https:\/\/www.abrasiveplant-technology.com\/wp-content\/uploads\/2015\/11\/bandsaegen1.jpg\" alt=\"\" itemprop=\"image\"><\/a>\r\n\t\t\t<div class=\"lighbox-description hidden\" id=\"lightbox-918137-description\">\r\n\t\t\t\t<strong>bandsaegen<\/strong><br>\r\n\t\t\t\t\r\n\t\t\t<\/div><\/div>\r\n\t\t\t\t\t<\/div>\r\n\t\t\t\t\t\r\n\t\t\t\t<\/div>\r\n\t\t\t[\/vc_column][vc_column width=&#8220;1\/2&#8243;][vc_column_text]<\/p>\n<ul>\n<li>Profilscheiben<\/li>\n<li>Trennscheiben<\/li>\n<li>Schleifkegel<\/li>\n<li>Seils\u00e4geperlen<\/li>\n<li>Bands\u00e4gen<\/li>\n<li>Kreiss\u00e4gebl\u00e4tter<\/li>\n<\/ul>\n<p>[\/vc_column_text][\/vc_column][\/vc_row]<\/p>","protected":false},"excerpt":{"rendered":"<p>[vc_row rt_padding_top=&#8220;25&#8243; rt_padding_bottom=&#8220;25&#8243;][vc_column width=&#8220;1\/2&#8243;][\/vc_column][vc_column width=&#8220;1\/2&#8243;][vc_column_text] Profilscheiben Trennscheiben Schleifkegel Seils\u00e4geperlen Bands\u00e4gen Kreiss\u00e4gebl\u00e4tter [\/vc_column_text][\/vc_column][\/vc_row]<\/p>\n","protected":false},"author":1,"featured_media":0,"parent":0,"menu_order":0,"comment_status":"closed","ping_status":"closed","template":"","meta":{"footnotes":""},"class_list":["post-3187","page","type-page","status-publish","hentry"],"_links":{"self":[{"href":"https:\/\/www.abrasiveplant-technology.com\/de\/wp-json\/wp\/v2\/pages\/3187"}],"collection":[{"href":"https:\/\/www.abrasiveplant-technology.com\/de\/wp-json\/wp\/v2\/pages"}],"about":[{"href":"https:\/\/www.abrasiveplant-technology.com\/de\/wp-json\/wp\/v2\/types\/page"}],"author":[{"embeddable":true,"href":"https:\/\/www.abrasiveplant-technology.com\/de\/wp-json\/wp\/v2\/users\/1"}],"replies":[{"embeddable":true,"href":"https:\/\/www.abrasiveplant-technology.com\/de\/wp-json\/wp\/v2\/comments?post=3187"}],"version-history":[{"count":6,"href":"https:\/\/www.abrasiveplant-technology.com\/de\/wp-json\/wp\/v2\/pages\/3187\/revisions"}],"predecessor-version":[{"id":4044,"href":"https:\/\/www.abrasiveplant-technology.com\/de\/wp-json\/wp\/v2\/pages\/3187\/revisions\/4044"}],"wp:attachment":[{"href":"https:\/\/www.abrasiveplant-technology.com\/de\/wp-json\/wp\/v2\/media?parent=3187"}],"curies":[{"name":"wp","href":"https:\/\/api.w.org\/{rel}","templated":true}]}}