{"id":3191,"date":"2015-11-30T14:37:08","date_gmt":"2015-11-30T13:37:08","guid":{"rendered":"http:\/\/www.abrasiveplant-technology.com\/?page_id=3191"},"modified":"2016-09-29T11:07:13","modified_gmt":"2016-09-29T09:07:13","slug":"galvanische-werkzeuge","status":"publish","type":"page","link":"https:\/\/www.abrasiveplant-technology.com\/de\/galvanische-werkzeuge\/","title":{"rendered":"Galvanische Werkzeuge aller Art f\u00fcr unterschiedlichste Anwendungen"},"content":{"rendered":"<p>[vc_row rt_padding_top=&#8220;25&#8243; rt_padding_bottom=&#8220;25&#8243;][vc_column width=&#8220;1\/2&#8243;]\r\n\t\t\t\t<div id=\"slider-image-carousel-257661\" class=\"rt-carousel rt-image-carousel carousel-holder clearfix rt-image-carousel \" data-item-width=\"3\" data-nav=\"true\" data-dots=\"false\" data-margin=\"\" data-autoplay=\"true\" data-timeout=\"3500\" data-loop=\"false\" data-tablet-item-width=\"\" data-mobile-item-width=\"1\">\r\n\t\t\t\t\t<div class=\"owl-carousel\">\r\n\t\t\t\t\t\t<div><a id=\"lightbox-158870\" class=\"imgeffect zoom lightbox_\" data-group=\"slider-carousel-604340\" title=\"Enlarge Image\" data-title=\"100\" data-sub-html=\"#lightbox-158870-description\" data-thumbnail=\"https:\/\/www.abrasiveplant-technology.com\/wp-content\/uploads\/2015\/11\/100-75x50.jpg\" data-thumbTooltip=\"\" data-scaleUp=\"\" data-href=\"\" data-width=\"\" data-height=\"\" data-flashHasPriority=\"\" data-poster=\"\" data-autoplay=\"\" data-audiotitle=\"\" data-html=\"\" href=\"https:\/\/www.abrasiveplant-technology.com\/wp-content\/uploads\/2015\/11\/100.jpg\" ><img decoding=\"async\" src=\"https:\/\/www.abrasiveplant-technology.com\/wp-content\/uploads\/2015\/11\/100.jpg\" alt=\"\" itemprop=\"image\"><\/a>\r\n\t\t\t<div class=\"lighbox-description hidden\" id=\"lightbox-158870-description\">\r\n\t\t\t\t<strong>100<\/strong><br>\r\n\t\t\t\t\r\n\t\t\t<\/div><\/div><div><a id=\"lightbox-666222\" class=\"imgeffect zoom lightbox_\" data-group=\"slider-carousel-604340\" title=\"Enlarge Image\" data-title=\"corebit\" data-sub-html=\"#lightbox-666222-description\" data-thumbnail=\"https:\/\/www.abrasiveplant-technology.com\/wp-content\/uploads\/2015\/11\/corebit-75x50.jpg\" data-thumbTooltip=\"\" data-scaleUp=\"\" data-href=\"\" data-width=\"\" data-height=\"\" data-flashHasPriority=\"\" data-poster=\"\" data-autoplay=\"\" data-audiotitle=\"\" data-html=\"\" href=\"https:\/\/www.abrasiveplant-technology.com\/wp-content\/uploads\/2015\/11\/corebit.jpg\" ><img decoding=\"async\" src=\"https:\/\/www.abrasiveplant-technology.com\/wp-content\/uploads\/2015\/11\/corebit.jpg\" alt=\"\" itemprop=\"image\"><\/a>\r\n\t\t\t<div class=\"lighbox-description hidden\" id=\"lightbox-666222-description\">\r\n\t\t\t\t<strong>corebit<\/strong><br>\r\n\t\t\t\t\r\n\t\t\t<\/div><\/div><div><a id=\"lightbox-876250\" class=\"imgeffect zoom lightbox_\" data-group=\"slider-carousel-604340\" title=\"Enlarge Image\" data-title=\"cup\" data-sub-html=\"#lightbox-876250-description\" data-thumbnail=\"https:\/\/www.abrasiveplant-technology.com\/wp-content\/uploads\/2015\/11\/cup-75x50.jpg\" data-thumbTooltip=\"\" data-scaleUp=\"\" data-href=\"\" data-width=\"\" data-height=\"\" data-flashHasPriority=\"\" data-poster=\"\" data-autoplay=\"\" data-audiotitle=\"\" data-html=\"\" href=\"https:\/\/www.abrasiveplant-technology.com\/wp-content\/uploads\/2015\/11\/cup.jpg\" ><img decoding=\"async\" src=\"https:\/\/www.abrasiveplant-technology.com\/wp-content\/uploads\/2015\/11\/cup.jpg\" alt=\"\" itemprop=\"image\"><\/a>\r\n\t\t\t<div class=\"lighbox-description hidden\" id=\"lightbox-876250-description\">\r\n\t\t\t\t<strong>cup<\/strong><br>\r\n\t\t\t\t\r\n\t\t\t<\/div><\/div><div><a id=\"lightbox-509938\" class=\"imgeffect zoom lightbox_\" data-group=\"slider-carousel-604340\" title=\"Enlarge Image\" data-title=\"hohlbohrer\" data-sub-html=\"#lightbox-509938-description\" data-thumbnail=\"https:\/\/www.abrasiveplant-technology.com\/wp-content\/uploads\/2015\/11\/hohlbohrer-75x50.jpg\" data-thumbTooltip=\"\" data-scaleUp=\"\" data-href=\"\" data-width=\"\" data-height=\"\" data-flashHasPriority=\"\" data-poster=\"\" data-autoplay=\"\" data-audiotitle=\"\" data-html=\"\" href=\"https:\/\/www.abrasiveplant-technology.com\/wp-content\/uploads\/2015\/11\/hohlbohrer.jpg\" ><img decoding=\"async\" src=\"https:\/\/www.abrasiveplant-technology.com\/wp-content\/uploads\/2015\/11\/hohlbohrer.jpg\" alt=\"\" itemprop=\"image\"><\/a>\r\n\t\t\t<div class=\"lighbox-description hidden\" id=\"lightbox-509938-description\">\r\n\t\t\t\t<strong>hohlbohrer<\/strong><br>\r\n\t\t\t\t\r\n\t\t\t<\/div><\/div><div><a id=\"lightbox-360391\" class=\"imgeffect zoom lightbox_\" data-group=\"slider-carousel-604340\" title=\"Enlarge Image\" data-title=\"honahle\" data-sub-html=\"#lightbox-360391-description\" data-thumbnail=\"https:\/\/www.abrasiveplant-technology.com\/wp-content\/uploads\/2015\/11\/honahle-75x50.jpg\" data-thumbTooltip=\"\" data-scaleUp=\"\" data-href=\"\" data-width=\"\" data-height=\"\" data-flashHasPriority=\"\" data-poster=\"\" data-autoplay=\"\" data-audiotitle=\"\" data-html=\"\" href=\"https:\/\/www.abrasiveplant-technology.com\/wp-content\/uploads\/2015\/11\/honahle.jpg\" ><img decoding=\"async\" src=\"https:\/\/www.abrasiveplant-technology.com\/wp-content\/uploads\/2015\/11\/honahle.jpg\" alt=\"\" itemprop=\"image\"><\/a>\r\n\t\t\t<div class=\"lighbox-description hidden\" id=\"lightbox-360391-description\">\r\n\t\t\t\t<strong>honahle<\/strong><br>\r\n\t\t\t\t\r\n\t\t\t<\/div><\/div><div><a id=\"lightbox-247720\" class=\"imgeffect zoom lightbox_\" data-group=\"slider-carousel-604340\" title=\"Enlarge Image\" data-title=\"hvwerkzeug\" data-sub-html=\"#lightbox-247720-description\" data-thumbnail=\"https:\/\/www.abrasiveplant-technology.com\/wp-content\/uploads\/2015\/11\/hvwerkzeug-75x50.jpg\" data-thumbTooltip=\"\" data-scaleUp=\"\" data-href=\"\" data-width=\"\" data-height=\"\" data-flashHasPriority=\"\" data-poster=\"\" data-autoplay=\"\" data-audiotitle=\"\" data-html=\"\" href=\"https:\/\/www.abrasiveplant-technology.com\/wp-content\/uploads\/2015\/11\/hvwerkzeug.jpg\" ><img decoding=\"async\" src=\"https:\/\/www.abrasiveplant-technology.com\/wp-content\/uploads\/2015\/11\/hvwerkzeug.jpg\" alt=\"\" itemprop=\"image\"><\/a>\r\n\t\t\t<div class=\"lighbox-description hidden\" id=\"lightbox-247720-description\">\r\n\t\t\t\t<strong>hvwerkzeug<\/strong><br>\r\n\t\t\t\t\r\n\t\t\t<\/div><\/div><div><a id=\"lightbox-497807\" class=\"imgeffect zoom lightbox_\" data-group=\"slider-carousel-604340\" title=\"Enlarge Image\" data-title=\"kreissaegen\" data-sub-html=\"#lightbox-497807-description\" data-thumbnail=\"https:\/\/www.abrasiveplant-technology.com\/wp-content\/uploads\/2015\/11\/kreissaegen-75x50.jpg\" data-thumbTooltip=\"\" data-scaleUp=\"\" data-href=\"\" data-width=\"\" data-height=\"\" data-flashHasPriority=\"\" data-poster=\"\" data-autoplay=\"\" data-audiotitle=\"\" data-html=\"\" href=\"https:\/\/www.abrasiveplant-technology.com\/wp-content\/uploads\/2015\/11\/kreissaegen.jpg\" ><img decoding=\"async\" src=\"https:\/\/www.abrasiveplant-technology.com\/wp-content\/uploads\/2015\/11\/kreissaegen.jpg\" alt=\"\" itemprop=\"image\"><\/a>\r\n\t\t\t<div class=\"lighbox-description hidden\" id=\"lightbox-497807-description\">\r\n\t\t\t\t<strong>kreissaegen<\/strong><br>\r\n\t\t\t\t\r\n\t\t\t<\/div><\/div><div><a id=\"lightbox-276325\" class=\"imgeffect zoom lightbox_\" data-group=\"slider-carousel-604340\" title=\"Enlarge Image\" data-title=\"nadelfeilen\" data-sub-html=\"#lightbox-276325-description\" data-thumbnail=\"https:\/\/www.abrasiveplant-technology.com\/wp-content\/uploads\/2015\/11\/nadelfeilen-75x50.jpg\" data-thumbTooltip=\"\" data-scaleUp=\"\" data-href=\"\" data-width=\"\" data-height=\"\" data-flashHasPriority=\"\" data-poster=\"\" data-autoplay=\"\" data-audiotitle=\"\" data-html=\"\" href=\"https:\/\/www.abrasiveplant-technology.com\/wp-content\/uploads\/2015\/11\/nadelfeilen.jpg\" ><img decoding=\"async\" src=\"https:\/\/www.abrasiveplant-technology.com\/wp-content\/uploads\/2015\/11\/nadelfeilen.jpg\" alt=\"\" itemprop=\"image\"><\/a>\r\n\t\t\t<div class=\"lighbox-description hidden\" id=\"lightbox-276325-description\">\r\n\t\t\t\t<strong>nadelfeilen<\/strong><br>\r\n\t\t\t\t\r\n\t\t\t<\/div><\/div><div><a id=\"lightbox-371390\" class=\"imgeffect zoom lightbox_\" data-group=\"slider-carousel-604340\" title=\"Enlarge Image\" data-title=\"schleifer\" data-sub-html=\"#lightbox-371390-description\" data-thumbnail=\"https:\/\/www.abrasiveplant-technology.com\/wp-content\/uploads\/2015\/11\/schleifer-75x50.jpg\" data-thumbTooltip=\"\" data-scaleUp=\"\" data-href=\"\" data-width=\"\" data-height=\"\" data-flashHasPriority=\"\" data-poster=\"\" data-autoplay=\"\" data-audiotitle=\"\" data-html=\"\" href=\"https:\/\/www.abrasiveplant-technology.com\/wp-content\/uploads\/2015\/11\/schleifer.jpg\" ><img decoding=\"async\" src=\"https:\/\/www.abrasiveplant-technology.com\/wp-content\/uploads\/2015\/11\/schleifer.jpg\" alt=\"\" itemprop=\"image\"><\/a>\r\n\t\t\t<div class=\"lighbox-description hidden\" id=\"lightbox-371390-description\">\r\n\t\t\t\t<strong>schleifer<\/strong><br>\r\n\t\t\t\t\r\n\t\t\t<\/div><\/div><div><a id=\"lightbox-113751\" class=\"imgeffect zoom lightbox_\" data-group=\"slider-carousel-604340\" title=\"Enlarge Image\" data-title=\"bandsaegen\" data-sub-html=\"#lightbox-113751-description\" data-thumbnail=\"https:\/\/www.abrasiveplant-technology.com\/wp-content\/uploads\/2015\/11\/bandsaegen2-75x50.jpg\" data-thumbTooltip=\"\" data-scaleUp=\"\" data-href=\"\" data-width=\"\" data-height=\"\" data-flashHasPriority=\"\" data-poster=\"\" data-autoplay=\"\" data-audiotitle=\"\" data-html=\"\" href=\"https:\/\/www.abrasiveplant-technology.com\/wp-content\/uploads\/2015\/11\/bandsaegen2.jpg\" ><img decoding=\"async\" src=\"https:\/\/www.abrasiveplant-technology.com\/wp-content\/uploads\/2015\/11\/bandsaegen2.jpg\" alt=\"\" itemprop=\"image\"><\/a>\r\n\t\t\t<div class=\"lighbox-description hidden\" id=\"lightbox-113751-description\">\r\n\t\t\t\t<strong>bandsaegen<\/strong><br>\r\n\t\t\t\t\r\n\t\t\t<\/div><\/div><div><a id=\"lightbox-500961\" class=\"imgeffect zoom lightbox_\" data-group=\"slider-carousel-604340\" title=\"Enlarge Image\" data-title=\"wheel\" data-sub-html=\"#lightbox-500961-description\" data-thumbnail=\"https:\/\/www.abrasiveplant-technology.com\/wp-content\/uploads\/2015\/11\/wheel-75x50.jpg\" data-thumbTooltip=\"\" data-scaleUp=\"\" data-href=\"\" data-width=\"\" data-height=\"\" data-flashHasPriority=\"\" data-poster=\"\" data-autoplay=\"\" data-audiotitle=\"\" data-html=\"\" href=\"https:\/\/www.abrasiveplant-technology.com\/wp-content\/uploads\/2015\/11\/wheel.jpg\" ><img decoding=\"async\" src=\"https:\/\/www.abrasiveplant-technology.com\/wp-content\/uploads\/2015\/11\/wheel.jpg\" alt=\"\" itemprop=\"image\"><\/a>\r\n\t\t\t<div class=\"lighbox-description hidden\" id=\"lightbox-500961-description\">\r\n\t\t\t\t<strong>wheel<\/strong><br>\r\n\t\t\t\t\r\n\t\t\t<\/div><\/div>\r\n\t\t\t\t\t<\/div>\r\n\t\t\t\t\t\r\n\t\t\t\t<\/div>\r\n\t\t\t[\/vc_column][vc_column width=&#8220;1\/2&#8243;][vc_column_text]<\/p>\n<ul>\n<li>Schleifstifte<\/li>\n<li>Nadelfeilen, Maschinenfeilen<\/li>\n<li>Trennscheiben<\/li>\n<li>Hohlbohrer<\/li>\n<li>Honahlen<\/li>\n<li>Topfscheiben<\/li>\n<li>Schleifb\u00e4nder<\/li>\n<li>Bands\u00e4gen<\/li>\n<li>Kreiss\u00e4gebl\u00e4tter<\/li>\n<\/ul>\n<p>[\/vc_column_text][\/vc_column][\/vc_row]<\/p>","protected":false},"excerpt":{"rendered":"<p>[vc_row rt_padding_top=&#8220;25&#8243; rt_padding_bottom=&#8220;25&#8243;][vc_column width=&#8220;1\/2&#8243;][\/vc_column][vc_column width=&#8220;1\/2&#8243;][vc_column_text] Schleifstifte Nadelfeilen, Maschinenfeilen Trennscheiben Hohlbohrer Honahlen Topfscheiben Schleifb\u00e4nder Bands\u00e4gen Kreiss\u00e4gebl\u00e4tter [\/vc_column_text][\/vc_column][\/vc_row]<\/p>\n","protected":false},"author":1,"featured_media":0,"parent":0,"menu_order":0,"comment_status":"closed","ping_status":"closed","template":"","meta":{"footnotes":""},"class_list":["post-3191","page","type-page","status-publish","hentry"],"_links":{"self":[{"href":"https:\/\/www.abrasiveplant-technology.com\/de\/wp-json\/wp\/v2\/pages\/3191"}],"collection":[{"href":"https:\/\/www.abrasiveplant-technology.com\/de\/wp-json\/wp\/v2\/pages"}],"about":[{"href":"https:\/\/www.abrasiveplant-technology.com\/de\/wp-json\/wp\/v2\/types\/page"}],"author":[{"embeddable":true,"href":"https:\/\/www.abrasiveplant-technology.com\/de\/wp-json\/wp\/v2\/users\/1"}],"replies":[{"embeddable":true,"href":"https:\/\/www.abrasiveplant-technology.com\/de\/wp-json\/wp\/v2\/comments?post=3191"}],"version-history":[{"count":5,"href":"https:\/\/www.abrasiveplant-technology.com\/de\/wp-json\/wp\/v2\/pages\/3191\/revisions"}],"predecessor-version":[{"id":4037,"href":"https:\/\/www.abrasiveplant-technology.com\/de\/wp-json\/wp\/v2\/pages\/3191\/revisions\/4037"}],"wp:attachment":[{"href":"https:\/\/www.abrasiveplant-technology.com\/de\/wp-json\/wp\/v2\/media?parent=3191"}],"curies":[{"name":"wp","href":"https:\/\/api.w.org\/{rel}","templated":true}]}}