{"id":3264,"date":"2016-02-17T12:42:52","date_gmt":"2016-02-17T11:42:52","guid":{"rendered":"http:\/\/www.abrasiveplant-technology.com\/?page_id=3264"},"modified":"2018-03-21T14:24:59","modified_gmt":"2018-03-21T13:24:59","slug":"geschaeftsfuehrung","status":"publish","type":"page","link":"https:\/\/www.abrasiveplant-technology.com\/de\/geschaeftsfuehrung\/","title":{"rendered":"Gesch\u00e4ftsf\u00fchrung"},"content":{"rendered":"<p>[vc_row rt_padding_top=&#8220;25&#8243; rt_padding_bottom=&#8220;25&#8243;][vc_column width=&#8220;1\/2&#8243;][vc_column_text]Die Entwicklung neuer und effizienter Technologie sowie Anlagen zur Herstellung von Werkzeugen mit hochabrasiven Schleif- und Schneidstoffen (Diamant und CBN), war vor \u00fcber 25 Jahren Ansto\u00df f\u00fcr die Unternehmensgr\u00fcndung.<\/p>\n<p>Durch stetige Produktinnovationen und individuelle Kundenl\u00f6sungen haben wir uns bis heute auf einem immer komplexer werdenden Markt behaupten k\u00f6nnen.<\/p>\n<p>Im Wesentlichen dazu beigetragen haben:<\/p>\n<ul>\n<li>Neu- und Weiterentwicklungen<\/li>\n<li>Aufbau einer Baukastenstruktur<\/li>\n<li>Einf\u00fchrung der digitalen Steuerungstechnik seit 2015<\/li>\n<\/ul>\n<p>Unser Bestreben und Ansporn in der Zukunft wird es sein, f\u00fchrender Anbieter auf dem Gebiet der Beschichtungstechnologie von Diamant- und CBN-Werkzeugen zu bleiben und gleichzeitig unsere Produktsparte: \u201eLackieranlagen zum Schutzlackieren und Farbringcodieren\u201c weiter auszubauen.<\/p>\n<p>Wir m\u00f6chten auch Sie von unserem Know-how, unserer Qualit\u00e4t sowie unserer jahrelangen Erfahrung \u00fcberzeugen und w\u00fcrden uns sehr freuen, Sie an unserem Standort in Weikersheim begr\u00fc\u00dfen zu k\u00f6nnen.<\/p>\n<p>Fordern Sie uns \u2013 wir stellen uns Ihrer Herausforderung.<\/p>\n<p>Ihr<br \/>\nAlfred Trenker (Dipl.-Ing.)<\/p>\n<p>(Inhaber)[\/vc_column_text][\/vc_column][vc_column width=&#8220;1\/2&#8243;][vc_single_image image=&#8220;3265&#8243; img_size=&#8220;450&#8243;][\/vc_column][\/vc_row]<\/p>","protected":false},"excerpt":{"rendered":"<p>[vc_row rt_padding_top=&#8220;25&#8243; rt_padding_bottom=&#8220;25&#8243;][vc_column width=&#8220;1\/2&#8243;][vc_column_text]Die Entwicklung neuer und effizienter Technologie sowie Anlagen zur Herstellung von Werkzeugen mit hochabrasiven Schleif- und Schneidstoffen (Diamant und CBN), war vor \u00fcber 25 Jahren Ansto\u00df f\u00fcr die Unternehmensgr\u00fcndung. Durch stetige Produktinnovationen und individuelle Kundenl\u00f6sungen haben wir uns bis heute auf einem immer komplexer werdenden Markt behaupten k\u00f6nnen. Im Wesentlichen dazu beigetragen [&hellip;]<\/p>\n","protected":false},"author":1,"featured_media":0,"parent":0,"menu_order":0,"comment_status":"open","ping_status":"open","template":"","meta":{"footnotes":""},"class_list":["post-3264","page","type-page","status-publish","hentry"],"_links":{"self":[{"href":"https:\/\/www.abrasiveplant-technology.com\/de\/wp-json\/wp\/v2\/pages\/3264"}],"collection":[{"href":"https:\/\/www.abrasiveplant-technology.com\/de\/wp-json\/wp\/v2\/pages"}],"about":[{"href":"https:\/\/www.abrasiveplant-technology.com\/de\/wp-json\/wp\/v2\/types\/page"}],"author":[{"embeddable":true,"href":"https:\/\/www.abrasiveplant-technology.com\/de\/wp-json\/wp\/v2\/users\/1"}],"replies":[{"embeddable":true,"href":"https:\/\/www.abrasiveplant-technology.com\/de\/wp-json\/wp\/v2\/comments?post=3264"}],"version-history":[{"count":8,"href":"https:\/\/www.abrasiveplant-technology.com\/de\/wp-json\/wp\/v2\/pages\/3264\/revisions"}],"predecessor-version":[{"id":4319,"href":"https:\/\/www.abrasiveplant-technology.com\/de\/wp-json\/wp\/v2\/pages\/3264\/revisions\/4319"}],"wp:attachment":[{"href":"https:\/\/www.abrasiveplant-technology.com\/de\/wp-json\/wp\/v2\/media?parent=3264"}],"curies":[{"name":"wp","href":"https:\/\/api.w.org\/{rel}","templated":true}]}}