{"id":3297,"date":"2016-02-18T09:18:55","date_gmt":"2016-02-18T08:18:55","guid":{"rendered":"http:\/\/www.abrasiveplant-technology.com\/?page_id=3297"},"modified":"2016-09-28T14:16:24","modified_gmt":"2016-09-28T12:16:24","slug":"vorbehandlungsanlagen","status":"publish","type":"page","link":"https:\/\/www.abrasiveplant-technology.com\/de\/vorbehandlungsanlagen\/","title":{"rendered":"Vorbehandlungsanlagen (VBA)"},"content":{"rendered":"<p>[vc_row rt_row_background_width=&#8220;default&#8220; rt_row_content_width=&#8220;default&#8220; rt_row_style=&#8220;default-style&#8220; rt_row_borders=&#8220;&#8220; rt_overlap=&#8220;&#8220; rt_grid=&#8220;&#8220; rt_row_paddings=&#8220;true&#8220; id=&#8220;&#8220; rt_bg_effect=&#8220;classic&#8220; rt_bg_parallax_effect=&#8220;1&#8243; rt_bg_image_repeat=&#8220;repeat&#8220; rt_bg_size=&#8220;cover&#8220; rt_bg_position=&#8220;right top&#8220; rt_bg_attachment=&#8220;scroll&#8220;][vc_column width=&#8220;1\/1&#8243; rt_color_set=&#8220;global-style&#8220; id=&#8220;&#8220; rt_bg_image_repeat=&#8220;repeat&#8220; rt_bg_size=&#8220;auto auto&#8220; rt_bg_attachment=&#8220;scroll&#8220;][rev_slider_vc alias=&#8220;slider_vorbehandlungsanlagen&#8220;][vc_row_inner rt_row_style=&#8220;global-style&#8220;][vc_column_inner width=&#8220;1\/1&#8243; rt_color_set=&#8220;global-style&#8220; id=&#8220;&#8220; rt_bg_image_repeat=&#8220;repeat&#8220; rt_bg_size=&#8220;auto auto&#8220; rt_bg_attachment=&#8220;scroll&#8220;]<div class=\"rt_heading_wrapper style-1\">\n\t\t\t\t\t\t<h2 class=\"rt_heading  style-1\" >Vorbehandlungsanlagen (VBA)<\/h2>\n\t\t\t\t\t<\/div>[vc_column_text]<\/p>\n<p>Vorbehandlungsanlagen dienen zur Reinigung und Vorbereitung von Rohlinge f\u00fcr den nachfolgenden Beschichtungsprozess. Unsere Vorbehandlungsanlagen beinhalten folgende Prozesse: W\u00e4rmeprozessbad, Kaltprozessbad sowie dazwischen geschaltete Sp\u00fclb\u00e4der. Die Rohlinge werden auf speziellen Vorrichtungen von einem Bad zum nachfolgenden in der Reihenfolge der einzelnen Prozessschritte gebracht. Unsere Vorbehandlungsanlagen gliedern sich in folgende zwei Bereiche.<\/p>\n<p>[\/vc_column_text][\/vc_column_inner][\/vc_row_inner][\/vc_column][\/vc_row][vc_row rt_row_background_width=&#8220;default&#8220; rt_row_content_width=&#8220;default&#8220; rt_row_style=&#8220;default-style&#8220; rt_row_borders=&#8220;&#8220; rt_overlap=&#8220;&#8220; rt_grid=&#8220;&#8220; rt_row_paddings=&#8220;true&#8220; id=&#8220;&#8220; rt_bg_effect=&#8220;classic&#8220; rt_bg_parallax_effect=&#8220;1&#8243; rt_bg_image_repeat=&#8220;repeat&#8220; rt_bg_size=&#8220;cover&#8220; rt_bg_position=&#8220;right top&#8220; rt_bg_attachment=&#8220;scroll&#8220;][vc_column width=&#8220;1\/2&#8243; rt_color_set=&#8220;global-style&#8220; id=&#8220;&#8220; rt_bg_image_repeat=&#8220;repeat&#8220; rt_bg_size=&#8220;auto auto&#8220; rt_bg_attachment=&#8220;scroll&#8220;][vc_column_text]<a href=\"https:\/\/www.abrasiveplant-technology.com\/vorbehandlungsanlagen_stahl_messing_kupfer_bronze\/\"><img loading=\"lazy\" decoding=\"async\" class=\"alignnone wp-image-3301 size-medium\" src=\"https:\/\/www.abrasiveplant-technology.com\/wp-content\/uploads\/2016\/02\/metallisch-300x115.jpg\" alt=\"\" width=\"300\" height=\"115\" srcset=\"https:\/\/www.abrasiveplant-technology.com\/wp-content\/uploads\/2016\/02\/metallisch-300x115.jpg 300w, https:\/\/www.abrasiveplant-technology.com\/wp-content\/uploads\/2016\/02\/metallisch.jpg 550w\" sizes=\"(max-width: 300px) 100vw, 300px\" \/><\/a><br \/>\n<a href=\"https:\/\/www.abrasiveplant-technology.com\/vorbehandlungsanlagen_stahl_messing_kupfer_bronze\/\">f\u00fcr Stahl-, Messing-, Kupfer- und Bronze-Werkstoffe<\/a>[\/vc_column_text][\/vc_column][vc_column width=&#8220;1\/2&#8243; rt_color_set=&#8220;global-style&#8220; id=&#8220;&#8220; rt_bg_image_repeat=&#8220;repeat&#8220; rt_bg_size=&#8220;auto auto&#8220; rt_bg_attachment=&#8220;scroll&#8220;][vc_column_text]<a href=\"https:\/\/www.abrasiveplant-technology.com\/aluminium_vorbehandlungsanlagen\/\"><img loading=\"lazy\" decoding=\"async\" class=\"alignnone wp-image-3302 size-medium\" src=\"https:\/\/www.abrasiveplant-technology.com\/wp-content\/uploads\/2016\/02\/nichtmetallisch-300x115.jpg\" alt=\"\" width=\"300\" height=\"115\" srcset=\"https:\/\/www.abrasiveplant-technology.com\/wp-content\/uploads\/2016\/02\/nichtmetallisch-300x115.jpg 300w, https:\/\/www.abrasiveplant-technology.com\/wp-content\/uploads\/2016\/02\/nichtmetallisch.jpg 550w\" sizes=\"(max-width: 300px) 100vw, 300px\" \/><\/a><br \/>\n<a href=\"https:\/\/www.abrasiveplant-technology.com\/aluminium_vorbehandlungsanlagen\/\">f\u00fcr Aluminium-Werkstoffe<\/a>[\/vc_column_text][\/vc_column][\/vc_row][vc_row rt_row_background_width=&#8220;default&#8220; rt_row_content_width=&#8220;default&#8220; rt_row_style=&#8220;default-style&#8220; rt_row_borders=&#8220;&#8220; rt_overlap=&#8220;&#8220; rt_grid=&#8220;&#8220; rt_row_paddings=&#8220;true&#8220; id=&#8220;&#8220; rt_bg_effect=&#8220;classic&#8220; rt_bg_parallax_effect=&#8220;1&#8243; rt_bg_image_repeat=&#8220;repeat&#8220; rt_bg_size=&#8220;cover&#8220; rt_bg_position=&#8220;right top&#8220; rt_bg_attachment=&#8220;scroll&#8220;][vc_column width=&#8220;1\/1&#8243; rt_color_set=&#8220;global-style&#8220; id=&#8220;&#8220; rt_bg_image_repeat=&#8220;repeat&#8220; rt_bg_size=&#8220;auto auto&#8220; rt_bg_attachment=&#8220;scroll&#8220;]<br \/>\n[\/vc_column][\/vc_row]<\/p>","protected":false},"excerpt":{"rendered":"<p>[vc_row rt_row_background_width=&#8220;default&#8220; rt_row_content_width=&#8220;default&#8220; rt_row_style=&#8220;default-style&#8220; rt_row_borders=&#8220;&#8220; rt_overlap=&#8220;&#8220; rt_grid=&#8220;&#8220; rt_row_paddings=&#8220;true&#8220; id=&#8220;&#8220; rt_bg_effect=&#8220;classic&#8220; rt_bg_parallax_effect=&#8220;1&#8243; rt_bg_image_repeat=&#8220;repeat&#8220; rt_bg_size=&#8220;cover&#8220; rt_bg_position=&#8220;right top&#8220; rt_bg_attachment=&#8220;scroll&#8220;][vc_column width=&#8220;1\/1&#8243; rt_color_set=&#8220;global-style&#8220; id=&#8220;&#8220; rt_bg_image_repeat=&#8220;repeat&#8220; rt_bg_size=&#8220;auto auto&#8220; rt_bg_attachment=&#8220;scroll&#8220;][rev_slider_vc alias=&#8220;slider_vorbehandlungsanlagen&#8220;][vc_row_inner rt_row_style=&#8220;global-style&#8220;][vc_column_inner width=&#8220;1\/1&#8243; rt_color_set=&#8220;global-style&#8220; id=&#8220;&#8220; rt_bg_image_repeat=&#8220;repeat&#8220; rt_bg_size=&#8220;auto auto&#8220; rt_bg_attachment=&#8220;scroll&#8220;][vc_column_text] Vorbehandlungsanlagen dienen zur Reinigung und Vorbereitung von Rohlinge f\u00fcr den nachfolgenden Beschichtungsprozess. Unsere Vorbehandlungsanlagen beinhalten folgende Prozesse: W\u00e4rmeprozessbad, Kaltprozessbad sowie dazwischen geschaltete Sp\u00fclb\u00e4der. [&hellip;]<\/p>\n","protected":false},"author":1,"featured_media":0,"parent":0,"menu_order":0,"comment_status":"open","ping_status":"closed","template":"","meta":{"footnotes":""},"class_list":["post-3297","page","type-page","status-publish","hentry"],"_links":{"self":[{"href":"https:\/\/www.abrasiveplant-technology.com\/de\/wp-json\/wp\/v2\/pages\/3297"}],"collection":[{"href":"https:\/\/www.abrasiveplant-technology.com\/de\/wp-json\/wp\/v2\/pages"}],"about":[{"href":"https:\/\/www.abrasiveplant-technology.com\/de\/wp-json\/wp\/v2\/types\/page"}],"author":[{"embeddable":true,"href":"https:\/\/www.abrasiveplant-technology.com\/de\/wp-json\/wp\/v2\/users\/1"}],"replies":[{"embeddable":true,"href":"https:\/\/www.abrasiveplant-technology.com\/de\/wp-json\/wp\/v2\/comments?post=3297"}],"version-history":[{"count":11,"href":"https:\/\/www.abrasiveplant-technology.com\/de\/wp-json\/wp\/v2\/pages\/3297\/revisions"}],"predecessor-version":[{"id":3993,"href":"https:\/\/www.abrasiveplant-technology.com\/de\/wp-json\/wp\/v2\/pages\/3297\/revisions\/3993"}],"wp:attachment":[{"href":"https:\/\/www.abrasiveplant-technology.com\/de\/wp-json\/wp\/v2\/media?parent=3297"}],"curies":[{"name":"wp","href":"https:\/\/api.w.org\/{rel}","templated":true}]}}