{"id":3641,"date":"2016-04-04T18:21:37","date_gmt":"2016-04-04T16:21:37","guid":{"rendered":"http:\/\/www.abrasiveplant-technology.com\/?page_id=3641"},"modified":"2016-10-04T12:27:27","modified_gmt":"2016-10-04T10:27:27","slug":"sondereinrichtung","status":"publish","type":"page","link":"https:\/\/www.abrasiveplant-technology.com\/de\/sondereinrichtung\/","title":{"rendered":"Sondereinrichtungen (Vorrichtungen)"},"content":{"rendered":"<p>[vc_row rt_row_background_width=&#8220;default&#8220; rt_row_content_width=&#8220;default&#8220; rt_row_style=&#8220;default-style&#8220; rt_row_borders=&#8220;&#8220; rt_overlap=&#8220;&#8220; rt_grid=&#8220;&#8220; rt_row_paddings=&#8220;true&#8220; id=&#8220;&#8220; rt_bg_effect=&#8220;classic&#8220; rt_bg_parallax_effect=&#8220;1&#8243; rt_bg_image_repeat=&#8220;repeat&#8220; rt_bg_size=&#8220;cover&#8220; rt_bg_position=&#8220;right top&#8220; rt_bg_attachment=&#8220;scroll&#8220;][vc_column width=&#8220;1\/1&#8243; rt_color_set=&#8220;global-style&#8220; id=&#8220;&#8220; rt_bg_image_repeat=&#8220;repeat&#8220; rt_bg_size=&#8220;auto auto&#8220; rt_bg_attachment=&#8220;scroll&#8220;][rev_slider_vc alias=&#8220;slider_orrichtungen&#8220;][vc_row_inner rt_row_style=&#8220;global-style&#8220;][vc_column_inner width=&#8220;1\/1&#8243; rt_color_set=&#8220;global-style&#8220; id=&#8220;&#8220; rt_bg_image_repeat=&#8220;repeat&#8220; rt_bg_size=&#8220;auto auto&#8220; rt_bg_attachment=&#8220;scroll&#8220;]<div class=\"rt_heading_wrapper style-1\">\n\t\t\t\t\t\t<h2 class=\"rt_heading  style-1\" >Sondereinrichtungen (Vorrichtungen)<\/h2>\n\t\t\t\t\t<\/div>[vc_column_text]<\/p>\n<p>Vorrichtungen spielen eine ausschlaggebende Rolle bei der Beschichtung. Von Ihnen h\u00e4ngt ma\u00dfgeblich das Ergebnis und die Produktivit\u00e4t des Prozesses ab. Deswegen bieten wir f\u00fcr jeden Anwendungsfall die optimale Vorrichtung an:<\/p>\n<p>[\/vc_column_text][\/vc_column_inner][\/vc_row_inner][\/vc_column][\/vc_row][vc_row][vc_column][vc_row_inner rt_row_style=&#8220;global-style&#8220;][vc_column_inner width=&#8220;1\/3&#8243; rt_color_set=&#8220;global-style&#8220; id=&#8220;&#8220; rt_bg_image_repeat=&#8220;repeat&#8220; rt_bg_size=&#8220;auto auto&#8220; rt_bg_attachment=&#8220;scroll&#8220;][vc_column_text]<a href=\"https:\/\/www.abrasiveplant-technology.com\/wp-content\/uploads\/pdf\/Produktinformation_AbrichtscheibenReishauer.pdf\" target=\"_blank\"><img loading=\"lazy\" decoding=\"async\" class=\"alignnone wp-image-3690 size-medium\" src=\"https:\/\/www.abrasiveplant-technology.com\/wp-content\/uploads\/2016\/04\/abrichtscheiben-300x115.jpg\" alt=\"\" width=\"300\" height=\"115\" srcset=\"https:\/\/www.abrasiveplant-technology.com\/wp-content\/uploads\/2016\/04\/abrichtscheiben-300x115.jpg 300w, https:\/\/www.abrasiveplant-technology.com\/wp-content\/uploads\/2016\/04\/abrichtscheiben.jpg 550w\" sizes=\"(max-width: 300px) 100vw, 300px\" \/><\/a><br \/>\n<a href=\"https:\/\/www.abrasiveplant-technology.com\/wp-content\/uploads\/pdf\/Produktinformation_AbrichtscheibenReishauer.pdf\" target=\"_blank\">Abrichtscheiben (Typ Reisheuer)<\/a>[\/vc_column_text][\/vc_column_inner][vc_column_inner width=&#8220;1\/3&#8243; rt_color_set=&#8220;global-style&#8220; id=&#8220;&#8220; rt_bg_image_repeat=&#8220;repeat&#8220; rt_bg_size=&#8220;auto auto&#8220; rt_bg_attachment=&#8220;scroll&#8220;][vc_column_text]<a href=\"https:\/\/www.abrasiveplant-technology.com\/wp-content\/uploads\/pdf\/Produktliste_VorrichtungenAbrichtrollen_d.pdf\" target=\"_blank\"><img loading=\"lazy\" decoding=\"async\" class=\"alignnone wp-image-3692 size-medium\" src=\"https:\/\/www.abrasiveplant-technology.com\/wp-content\/uploads\/2016\/04\/abrichtrollen-300x115.jpg\" alt=\"\" width=\"300\" height=\"115\" srcset=\"https:\/\/www.abrasiveplant-technology.com\/wp-content\/uploads\/2016\/04\/abrichtrollen-300x115.jpg 300w, https:\/\/www.abrasiveplant-technology.com\/wp-content\/uploads\/2016\/04\/abrichtrollen.jpg 550w\" sizes=\"(max-width: 300px) 100vw, 300px\" \/><\/a><br \/>\n<a href=\"https:\/\/www.abrasiveplant-technology.com\/wp-content\/uploads\/pdf\/Produktliste_VorrichtungenAbrichtrollen_d.pdf\" target=\"_blank\">Abrichtrollen<\/a>[\/vc_column_text][\/vc_column_inner][vc_column_inner width=&#8220;1\/3&#8243; rt_color_set=&#8220;global-style&#8220; id=&#8220;&#8220; rt_bg_image_repeat=&#8220;repeat&#8220; rt_bg_size=&#8220;auto auto&#8220; rt_bg_attachment=&#8220;scroll&#8220;][vc_column_text]<a href=\"https:\/\/www.abrasiveplant-technology.com\/wp-content\/uploads\/pdf\/VorrichtungenBandsaegen_d.pdf\" target=\"_blank\"><img loading=\"lazy\" decoding=\"async\" class=\"alignnone wp-image-3693 size-medium\" src=\"https:\/\/www.abrasiveplant-technology.com\/wp-content\/uploads\/2016\/04\/bandsaegen-300x115.jpg\" alt=\"\" width=\"300\" height=\"115\" srcset=\"https:\/\/www.abrasiveplant-technology.com\/wp-content\/uploads\/2016\/04\/bandsaegen-300x115.jpg 300w, https:\/\/www.abrasiveplant-technology.com\/wp-content\/uploads\/2016\/04\/bandsaegen.jpg 550w\" sizes=\"(max-width: 300px) 100vw, 300px\" \/><\/a><br \/>\n<a href=\"https:\/\/www.abrasiveplant-technology.com\/wp-content\/uploads\/pdf\/VorrichtungenBandsaegen_d.pdf\" target=\"_blank\">Bands\u00e4gen<\/a>[\/vc_column_text][\/vc_column_inner][\/vc_row_inner][vc_column_text]<\/p>\n<p>[\/vc_column_text][\/vc_column][\/vc_row][vc_row rt_row_background_width=&#8220;default&#8220; rt_row_content_width=&#8220;default&#8220; rt_row_style=&#8220;default-style&#8220; rt_row_borders=&#8220;&#8220; rt_overlap=&#8220;&#8220; rt_grid=&#8220;&#8220; rt_row_paddings=&#8220;true&#8220; id=&#8220;&#8220; rt_bg_effect=&#8220;classic&#8220; rt_bg_parallax_effect=&#8220;1&#8243; rt_bg_image_repeat=&#8220;repeat&#8220; rt_bg_size=&#8220;cover&#8220; rt_bg_position=&#8220;right top&#8220; rt_bg_attachment=&#8220;scroll&#8220;][vc_column width=&#8220;1\/1&#8243; rt_color_set=&#8220;global-style&#8220; id=&#8220;&#8220; rt_bg_image_repeat=&#8220;repeat&#8220; rt_bg_size=&#8220;auto auto&#8220; rt_bg_attachment=&#8220;scroll&#8220;][vc_row_inner rt_row_style=&#8220;global-style&#8220; el_id=&#8220;&#8220;][vc_column_inner width=&#8220;1\/3&#8243; rt_color_set=&#8220;global-style&#8220; id=&#8220;&#8220; rt_bg_image_repeat=&#8220;repeat&#8220; rt_bg_size=&#8220;auto auto&#8220; rt_bg_attachment=&#8220;scroll&#8220;][vc_column_text]<a href=\"https:\/\/www.abrasiveplant-technology.com\/wp-content\/uploads\/pdf\/Produktinformation_Feilen.pdf\" target=\"_blank\"><img loading=\"lazy\" decoding=\"async\" class=\"alignnone wp-image-3729 size-medium\" src=\"https:\/\/www.abrasiveplant-technology.com\/wp-content\/uploads\/2016\/04\/feilen-300x115.jpg\" alt=\"\" width=\"300\" height=\"115\" srcset=\"https:\/\/www.abrasiveplant-technology.com\/wp-content\/uploads\/2016\/04\/feilen-300x115.jpg 300w, https:\/\/www.abrasiveplant-technology.com\/wp-content\/uploads\/2016\/04\/feilen.jpg 550w\" sizes=\"(max-width: 300px) 100vw, 300px\" \/><\/a><br \/>\n<a href=\"https:\/\/www.abrasiveplant-technology.com\/wp-content\/uploads\/pdf\/Produktinformation_Feilen.pdf\" target=\"_blank\">Feilen<\/a>[\/vc_column_text][\/vc_column_inner][vc_column_inner width=&#8220;1\/3&#8243; rt_color_set=&#8220;global-style&#8220; id=&#8220;&#8220; rt_bg_image_repeat=&#8220;repeat&#8220; rt_bg_size=&#8220;auto auto&#8220; rt_bg_attachment=&#8220;scroll&#8220;][vc_column_text]<a href=\"https:\/\/www.abrasiveplant-technology.com\/wp-content\/uploads\/pdf\/Produktinformation_Honahlen.pdf\" target=\"_blank\"><img loading=\"lazy\" decoding=\"async\" class=\"alignnone wp-image-3731 size-medium\" src=\"https:\/\/www.abrasiveplant-technology.com\/wp-content\/uploads\/2016\/04\/honahlen-300x115.jpg\" alt=\"\" width=\"300\" height=\"115\" srcset=\"https:\/\/www.abrasiveplant-technology.com\/wp-content\/uploads\/2016\/04\/honahlen-300x115.jpg 300w, https:\/\/www.abrasiveplant-technology.com\/wp-content\/uploads\/2016\/04\/honahlen.jpg 550w\" sizes=\"(max-width: 300px) 100vw, 300px\" \/><\/a><br \/>\n<a href=\"https:\/\/www.abrasiveplant-technology.com\/wp-content\/uploads\/pdf\/Produktinformation_Honahlen.pdf\" target=\"_blank\">Honahlen<\/a>[\/vc_column_text][\/vc_column_inner][vc_column_inner width=&#8220;1\/3&#8243; rt_color_set=&#8220;global-style&#8220; id=&#8220;&#8220; rt_bg_image_repeat=&#8220;repeat&#8220; rt_bg_size=&#8220;auto auto&#8220; rt_bg_attachment=&#8220;scroll&#8220;][vc_column_text]<a href=\"https:\/\/www.abrasiveplant-technology.com\/wp-content\/uploads\/pdf\/VorrichtungenSchleifscheiben_d.pdf\" target=\"_blank\"><img loading=\"lazy\" decoding=\"async\" class=\"alignnone wp-image-3732 size-medium\" src=\"https:\/\/www.abrasiveplant-technology.com\/wp-content\/uploads\/2016\/04\/schleifscheiben-300x115.jpg\" alt=\"\" width=\"300\" height=\"115\" srcset=\"https:\/\/www.abrasiveplant-technology.com\/wp-content\/uploads\/2016\/04\/schleifscheiben-300x115.jpg 300w, https:\/\/www.abrasiveplant-technology.com\/wp-content\/uploads\/2016\/04\/schleifscheiben.jpg 550w\" sizes=\"(max-width: 300px) 100vw, 300px\" \/><\/a><br \/>\n<a href=\"https:\/\/www.abrasiveplant-technology.com\/wp-content\/uploads\/pdf\/VorrichtungenSchleifscheiben_d.pdf\" target=\"_blank\">Schleifscheiben<\/a>[\/vc_column_text][\/vc_column_inner][\/vc_row_inner][vc_column_text css_animation=&#8220;&#8220;]<\/p>\n<p>[\/vc_column_text][\/vc_column][\/vc_row][vc_row rt_row_background_width=&#8220;default&#8220; rt_row_content_width=&#8220;default&#8220; rt_row_style=&#8220;default-style&#8220; rt_row_borders=&#8220;&#8220; rt_overlap=&#8220;&#8220; rt_grid=&#8220;&#8220; rt_row_paddings=&#8220;true&#8220; id=&#8220;&#8220; rt_bg_effect=&#8220;classic&#8220; rt_bg_parallax_effect=&#8220;1&#8243; rt_bg_image_repeat=&#8220;repeat&#8220; rt_bg_size=&#8220;cover&#8220; rt_bg_position=&#8220;right top&#8220; rt_bg_attachment=&#8220;scroll&#8220;][vc_column width=&#8220;1\/1&#8243; rt_color_set=&#8220;global-style&#8220; id=&#8220;&#8220; rt_bg_image_repeat=&#8220;repeat&#8220; rt_bg_size=&#8220;auto auto&#8220; rt_bg_attachment=&#8220;scroll&#8220;][vc_row_inner rt_row_style=&#8220;global-style&#8220; el_id=&#8220;&#8220;][vc_column_inner width=&#8220;1\/3&#8243; rt_color_set=&#8220;global-style&#8220; id=&#8220;&#8220; rt_bg_image_repeat=&#8220;repeat&#8220; rt_bg_size=&#8220;auto auto&#8220; rt_bg_attachment=&#8220;scroll&#8220;][vc_column_text]<a href=\"https:\/\/www.abrasiveplant-technology.com\/wp-content\/uploads\/pdf\/Produktinformation_Schleifstifte.pdf\" target=\"_blank\"><img loading=\"lazy\" decoding=\"async\" class=\"alignnone wp-image-3733 size-medium\" src=\"https:\/\/www.abrasiveplant-technology.com\/wp-content\/uploads\/2016\/04\/schleifstifte-300x115.jpg\" alt=\"\" width=\"300\" height=\"115\" srcset=\"https:\/\/www.abrasiveplant-technology.com\/wp-content\/uploads\/2016\/04\/schleifstifte-300x115.jpg 300w, https:\/\/www.abrasiveplant-technology.com\/wp-content\/uploads\/2016\/04\/schleifstifte.jpg 550w\" sizes=\"(max-width: 300px) 100vw, 300px\" \/><\/a><br \/>\n<a href=\"https:\/\/www.abrasiveplant-technology.com\/wp-content\/uploads\/pdf\/Produktinformation_Schleifstifte.pdf\" target=\"_blank\">Schleifstifte<\/a>[\/vc_column_text][\/vc_column_inner][vc_column_inner width=&#8220;1\/3&#8243; rt_color_set=&#8220;global-style&#8220; id=&#8220;&#8220; rt_bg_image_repeat=&#8220;repeat&#8220; rt_bg_size=&#8220;auto auto&#8220; rt_bg_attachment=&#8220;scroll&#8220;][vc_column_text]<a href=\"https:\/\/www.abrasiveplant-technology.com\/wp-content\/uploads\/pdf\/Produktinformation_Seilsaegeperlen.pdf\" target=\"_blank\"><img loading=\"lazy\" decoding=\"async\" class=\"alignnone wp-image-3734 size-medium\" src=\"https:\/\/www.abrasiveplant-technology.com\/wp-content\/uploads\/2016\/04\/seilsaegeperlen-300x115.jpg\" alt=\"\" width=\"300\" height=\"115\" srcset=\"https:\/\/www.abrasiveplant-technology.com\/wp-content\/uploads\/2016\/04\/seilsaegeperlen-300x115.jpg 300w, https:\/\/www.abrasiveplant-technology.com\/wp-content\/uploads\/2016\/04\/seilsaegeperlen.jpg 550w\" sizes=\"(max-width: 300px) 100vw, 300px\" \/><\/a><br \/>\n<a href=\"https:\/\/www.abrasiveplant-technology.com\/wp-content\/uploads\/pdf\/Produktinformation_Seilsaegeperlen.pdf\" target=\"_blank\">Seils\u00e4geperlen<\/a>[\/vc_column_text][\/vc_column_inner][vc_column_inner width=&#8220;1\/3&#8243; rt_color_set=&#8220;global-style&#8220; id=&#8220;&#8220; rt_bg_image_repeat=&#8220;repeat&#8220; rt_bg_size=&#8220;auto auto&#8220; rt_bg_attachment=&#8220;scroll&#8220;][vc_column_text]<a href=\"https:\/\/www.abrasiveplant-technology.com\/wp-content\/uploads\/pdf\/Produktinformation_Smartphonedisplay-Fraeser.pdf\" target=\"_blank\"><img loading=\"lazy\" decoding=\"async\" class=\"alignnone wp-image-3735 size-medium\" src=\"https:\/\/www.abrasiveplant-technology.com\/wp-content\/uploads\/2016\/04\/smartphonefraeser-300x115.jpg\" alt=\"\" width=\"300\" height=\"115\" srcset=\"https:\/\/www.abrasiveplant-technology.com\/wp-content\/uploads\/2016\/04\/smartphonefraeser-300x115.jpg 300w, https:\/\/www.abrasiveplant-technology.com\/wp-content\/uploads\/2016\/04\/smartphonefraeser.jpg 550w\" sizes=\"(max-width: 300px) 100vw, 300px\" \/><\/a><br \/>\n<a href=\"https:\/\/www.abrasiveplant-technology.com\/wp-content\/uploads\/pdf\/Produktinformation_Smartphonedisplay-Fraeser.pdf\" target=\"_blank\">Smartphonedisplay-Fr\u00e4ser<\/a>[\/vc_column_text][\/vc_column_inner][\/vc_row_inner][vc_column_text css_animation=&#8220;&#8220;]<\/p>\n<p>[\/vc_column_text][\/vc_column][\/vc_row][vc_row rt_row_background_width=&#8220;default&#8220; rt_row_content_width=&#8220;default&#8220; rt_row_style=&#8220;default-style&#8220; rt_row_borders=&#8220;&#8220; rt_overlap=&#8220;&#8220; rt_grid=&#8220;&#8220; rt_row_paddings=&#8220;true&#8220; id=&#8220;&#8220; rt_bg_effect=&#8220;classic&#8220; rt_bg_parallax_effect=&#8220;1&#8243; rt_bg_image_repeat=&#8220;repeat&#8220; rt_bg_size=&#8220;cover&#8220; rt_bg_position=&#8220;right top&#8220; rt_bg_attachment=&#8220;scroll&#8220;][vc_column width=&#8220;1\/1&#8243; rt_color_set=&#8220;global-style&#8220; id=&#8220;&#8220; rt_bg_image_repeat=&#8220;repeat&#8220; rt_bg_size=&#8220;auto auto&#8220; rt_bg_attachment=&#8220;scroll&#8220;][vc_row_inner rt_row_style=&#8220;global-style&#8220; el_id=&#8220;&#8220;][vc_column_inner width=&#8220;1\/3&#8243; rt_color_set=&#8220;global-style&#8220; id=&#8220;&#8220; rt_bg_image_repeat=&#8220;repeat&#8220; rt_bg_size=&#8220;auto auto&#8220; rt_bg_attachment=&#8220;scroll&#8220;][vc_column_text]<a href=\"https:\/\/www.abrasiveplant-technology.com\/wp-content\/uploads\/pdf\/Produktinformation_Trennscheiben.pdf\" target=\"_blank\"><img loading=\"lazy\" decoding=\"async\" class=\"alignnone wp-image-3736 size-medium\" src=\"https:\/\/www.abrasiveplant-technology.com\/wp-content\/uploads\/2016\/04\/trennscheiben-300x115.jpg\" alt=\"\" width=\"300\" height=\"115\" srcset=\"https:\/\/www.abrasiveplant-technology.com\/wp-content\/uploads\/2016\/04\/trennscheiben-300x115.jpg 300w, https:\/\/www.abrasiveplant-technology.com\/wp-content\/uploads\/2016\/04\/trennscheiben.jpg 550w\" sizes=\"(max-width: 300px) 100vw, 300px\" \/><\/a><br \/>\n<a href=\"https:\/\/www.abrasiveplant-technology.com\/wp-content\/uploads\/pdf\/Produktinformation_Trennscheiben.pdf\" target=\"_blank\">Trennscheiben<\/a>[\/vc_column_text][\/vc_column_inner][vc_column_inner width=&#8220;1\/3&#8243; rt_color_set=&#8220;global-style&#8220; id=&#8220;&#8220; rt_bg_image_repeat=&#8220;repeat&#8220; rt_bg_size=&#8220;auto auto&#8220; rt_bg_attachment=&#8220;scroll&#8220;][vc_column_text]<a href=\"https:\/\/www.abrasiveplant-technology.com\/wp-content\/uploads\/pdf\/Produktinformation_Glasbearbeitung.pdf\" target=\"_blank\"><img loading=\"lazy\" decoding=\"async\" class=\"alignnone wp-image-3730 size-medium\" src=\"https:\/\/www.abrasiveplant-technology.com\/wp-content\/uploads\/2016\/04\/glasbearbeitung-300x115.jpg\" alt=\"\" width=\"300\" height=\"115\" srcset=\"https:\/\/www.abrasiveplant-technology.com\/wp-content\/uploads\/2016\/04\/glasbearbeitung-300x115.jpg 300w, https:\/\/www.abrasiveplant-technology.com\/wp-content\/uploads\/2016\/04\/glasbearbeitung.jpg 550w\" sizes=\"(max-width: 300px) 100vw, 300px\" \/><\/a><br \/>\n<a href=\"https:\/\/www.abrasiveplant-technology.com\/wp-content\/uploads\/pdf\/Produktinformation_Glasbearbeitung.pdf\" target=\"_blank\">Glasbearbeitung<\/a>[\/vc_column_text][\/vc_column_inner][vc_column_inner width=&#8220;1\/3&#8243; rt_color_set=&#8220;global-style&#8220; id=&#8220;&#8220; rt_bg_image_repeat=&#8220;repeat&#8220; rt_bg_size=&#8220;auto auto&#8220; rt_bg_attachment=&#8220;scroll&#8220;]<br \/>\n[\/vc_column_inner][\/vc_row_inner][vc_column_text css_animation=&#8220;&#8220;]<\/p>\n<p>[\/vc_column_text][\/vc_column][\/vc_row][vc_row rt_row_background_width=&#8220;default&#8220; rt_row_content_width=&#8220;default&#8220; rt_row_style=&#8220;default-style&#8220; rt_row_borders=&#8220;&#8220; rt_overlap=&#8220;&#8220; rt_grid=&#8220;&#8220; rt_row_paddings=&#8220;true&#8220; id=&#8220;&#8220; rt_bg_effect=&#8220;classic&#8220; rt_bg_parallax_effect=&#8220;1&#8243; rt_bg_image_repeat=&#8220;repeat&#8220; rt_bg_size=&#8220;cover&#8220; rt_bg_position=&#8220;right top&#8220; rt_bg_attachment=&#8220;scroll&#8220;][vc_column width=&#8220;1\/1&#8243; rt_color_set=&#8220;global-style&#8220; id=&#8220;&#8220; rt_bg_image_repeat=&#8220;repeat&#8220; rt_bg_size=&#8220;auto auto&#8220; rt_bg_attachment=&#8220;scroll&#8220;][vc_row_inner rt_row_style=&#8220;global-style&#8220; el_id=&#8220;&#8220;][vc_column_inner width=&#8220;1\/3&#8243; rt_color_set=&#8220;global-style&#8220; id=&#8220;&#8220; rt_bg_image_repeat=&#8220;repeat&#8220; rt_bg_size=&#8220;auto auto&#8220; rt_bg_attachment=&#8220;scroll&#8220;][vc_btn title=&#8220;Sondereinrichtungen Dental&#8220; style=&#8220;modern&#8220; shape=&#8220;rounded&#8220; color=&#8220;sky&#8220; size=&#8220;md&#8220; align=&#8220;inline&#8220; i_align=&#8220;left&#8220; i_type=&#8220;fontawesome&#8220; i_icon_fontawesome=&#8220;fa fa-adjust&#8220; i_icon_openiconic=&#8220;vc-oi vc-oi-dial&#8220; i_icon_typicons=&#8220;typcn typcn-adjust-brightness&#8220; i_icon_entypo=&#8220;entypo-icon entypo-icon-note&#8220; i_icon_linecons=&#8220;vc_li vc_li-heart&#8220; link=&#8220;url:%2Fproject-details%2Fsondereinrichtung-dental%2F||&#8220; button_block=&#8220;&#8220; add_icon=&#8220;&#8220; i_icon_pixelicons=&#8220;vc_pixel_icon vc_pixel_icon-alert&#8220; el_class=&#8220;button_width&#8220;][\/vc_column_inner][vc_column_inner width=&#8220;1\/3&#8243; rt_color_set=&#8220;global-style&#8220; id=&#8220;&#8220; rt_bg_image_repeat=&#8220;repeat&#8220; rt_bg_size=&#8220;auto auto&#8220; rt_bg_attachment=&#8220;scroll&#8220;][vc_btn title=&#8220;Allgemeine Vorrichtungen&#8220; style=&#8220;modern&#8220; shape=&#8220;rounded&#8220; color=&#8220;sky&#8220; size=&#8220;md&#8220; align=&#8220;inline&#8220; i_align=&#8220;left&#8220; i_type=&#8220;fontawesome&#8220; i_icon_fontawesome=&#8220;fa fa-adjust&#8220; i_icon_openiconic=&#8220;vc-oi vc-oi-dial&#8220; i_icon_typicons=&#8220;typcn typcn-adjust-brightness&#8220; i_icon_entypo=&#8220;entypo-icon entypo-icon-note&#8220; i_icon_linecons=&#8220;vc_li vc_li-heart&#8220; link=&#8220;url:%2Fproject-details%2Fallgemeine-vorrichtungen%2F||&#8220; button_block=&#8220;&#8220; add_icon=&#8220;&#8220; i_icon_pixelicons=&#8220;vc_pixel_icon vc_pixel_icon-alert&#8220; el_class=&#8220;button_width&#8220;][\/vc_column_inner][vc_column_inner width=&#8220;1\/3&#8243; rt_color_set=&#8220;global-style&#8220; id=&#8220;&#8220; rt_bg_image_repeat=&#8220;repeat&#8220; rt_bg_size=&#8220;auto auto&#8220; rt_bg_attachment=&#8220;scroll&#8220;]<br \/>\n[\/vc_column_inner][\/vc_row_inner][vc_column_text css_animation=&#8220;&#8220;]<\/p>\n<p>[\/vc_column_text][\/vc_column][\/vc_row][vc_row rt_row_background_width=&#8220;default&#8220; rt_row_content_width=&#8220;default&#8220; rt_row_style=&#8220;default-style&#8220; rt_row_borders=&#8220;&#8220; rt_overlap=&#8220;&#8220; rt_grid=&#8220;&#8220; rt_row_paddings=&#8220;true&#8220; id=&#8220;&#8220; rt_bg_effect=&#8220;classic&#8220; rt_bg_parallax_effect=&#8220;1&#8243; rt_bg_image_repeat=&#8220;repeat&#8220; rt_bg_size=&#8220;cover&#8220; rt_bg_position=&#8220;right top&#8220; rt_bg_attachment=&#8220;scroll&#8220;][vc_column width=&#8220;1\/1&#8243; rt_color_set=&#8220;global-style&#8220; id=&#8220;&#8220; rt_bg_image_repeat=&#8220;repeat&#8220; rt_bg_size=&#8220;auto auto&#8220; rt_bg_attachment=&#8220;scroll&#8220;][vc_column_text css_animation=&#8220;&#8220;]<\/p>\n<p>[\/vc_column_text][\/vc_column][\/vc_row]<\/p>","protected":false},"excerpt":{"rendered":"<p>[vc_row rt_row_background_width=&#8220;default&#8220; rt_row_content_width=&#8220;default&#8220; rt_row_style=&#8220;default-style&#8220; rt_row_borders=&#8220;&#8220; rt_overlap=&#8220;&#8220; rt_grid=&#8220;&#8220; rt_row_paddings=&#8220;true&#8220; id=&#8220;&#8220; rt_bg_effect=&#8220;classic&#8220; rt_bg_parallax_effect=&#8220;1&#8243; rt_bg_image_repeat=&#8220;repeat&#8220; rt_bg_size=&#8220;cover&#8220; rt_bg_position=&#8220;right top&#8220; rt_bg_attachment=&#8220;scroll&#8220;][vc_column width=&#8220;1\/1&#8243; rt_color_set=&#8220;global-style&#8220; id=&#8220;&#8220; rt_bg_image_repeat=&#8220;repeat&#8220; rt_bg_size=&#8220;auto auto&#8220; rt_bg_attachment=&#8220;scroll&#8220;][rev_slider_vc alias=&#8220;slider_orrichtungen&#8220;][vc_row_inner rt_row_style=&#8220;global-style&#8220;][vc_column_inner width=&#8220;1\/1&#8243; rt_color_set=&#8220;global-style&#8220; id=&#8220;&#8220; rt_bg_image_repeat=&#8220;repeat&#8220; rt_bg_size=&#8220;auto auto&#8220; rt_bg_attachment=&#8220;scroll&#8220;][vc_column_text] Vorrichtungen spielen eine ausschlaggebende Rolle bei der Beschichtung. Von Ihnen h\u00e4ngt ma\u00dfgeblich das Ergebnis und die Produktivit\u00e4t des Prozesses ab. Deswegen bieten wir [&hellip;]<\/p>\n","protected":false},"author":1,"featured_media":0,"parent":0,"menu_order":0,"comment_status":"open","ping_status":"closed","template":"","meta":{"footnotes":""},"class_list":["post-3641","page","type-page","status-publish","hentry"],"_links":{"self":[{"href":"https:\/\/www.abrasiveplant-technology.com\/de\/wp-json\/wp\/v2\/pages\/3641"}],"collection":[{"href":"https:\/\/www.abrasiveplant-technology.com\/de\/wp-json\/wp\/v2\/pages"}],"about":[{"href":"https:\/\/www.abrasiveplant-technology.com\/de\/wp-json\/wp\/v2\/types\/page"}],"author":[{"embeddable":true,"href":"https:\/\/www.abrasiveplant-technology.com\/de\/wp-json\/wp\/v2\/users\/1"}],"replies":[{"embeddable":true,"href":"https:\/\/www.abrasiveplant-technology.com\/de\/wp-json\/wp\/v2\/comments?post=3641"}],"version-history":[{"count":19,"href":"https:\/\/www.abrasiveplant-technology.com\/de\/wp-json\/wp\/v2\/pages\/3641\/revisions"}],"predecessor-version":[{"id":3689,"href":"https:\/\/www.abrasiveplant-technology.com\/de\/wp-json\/wp\/v2\/pages\/3641\/revisions\/3689"}],"wp:attachment":[{"href":"https:\/\/www.abrasiveplant-technology.com\/de\/wp-json\/wp\/v2\/media?parent=3641"}],"curies":[{"name":"wp","href":"https:\/\/api.w.org\/{rel}","templated":true}]}}