{"id":3741,"date":"2016-04-06T13:58:54","date_gmt":"2016-04-06T11:58:54","guid":{"rendered":"http:\/\/www.abrasiveplant-technology.com\/?page_id=3741"},"modified":"2016-10-11T15:50:00","modified_gmt":"2016-10-11T13:50:00","slug":"prozess-chemikalien","status":"publish","type":"page","link":"https:\/\/www.abrasiveplant-technology.com\/de\/prozess-chemikalien\/","title":{"rendered":"Prozess-Chemikalien"},"content":{"rendered":"<p>[vc_row rt_row_background_width=&#8220;default&#8220; rt_row_content_width=&#8220;default&#8220; rt_row_style=&#8220;default-style&#8220; rt_row_borders=&#8220;&#8220; rt_overlap=&#8220;&#8220; rt_grid=&#8220;&#8220; rt_row_paddings=&#8220;true&#8220; id=&#8220;&#8220; rt_bg_effect=&#8220;classic&#8220; rt_bg_parallax_effect=&#8220;1&#8243; rt_bg_image_repeat=&#8220;repeat&#8220; rt_bg_size=&#8220;cover&#8220; rt_bg_position=&#8220;right top&#8220; rt_bg_attachment=&#8220;scroll&#8220;][vc_column width=&#8220;1\/1&#8243; rt_color_set=&#8220;global-style&#8220; id=&#8220;&#8220; rt_bg_image_repeat=&#8220;repeat&#8220; rt_bg_size=&#8220;auto auto&#8220; rt_bg_attachment=&#8220;scroll&#8220;][rev_slider_vc alias=&#8220;slider_chemikalien&#8220;][vc_row_inner rt_row_style=&#8220;global-style&#8220;][vc_column_inner width=&#8220;1\/1&#8243; rt_color_set=&#8220;global-style&#8220; id=&#8220;&#8220; rt_bg_image_repeat=&#8220;repeat&#8220; rt_bg_size=&#8220;auto auto&#8220; rt_bg_attachment=&#8220;scroll&#8220;]<div class=\"rt_heading_wrapper style-1\">\n\t\t\t\t\t\t<h2 class=\"rt_heading  style-1\" >Prozess-Chemikalien<\/h2>\n\t\t\t\t\t<\/div>[vc_column_text]<\/p>\n<p>Prozess-Chemikalien sind die grundlegende Basis f\u00fcr jeden funktionierenden Beschichtungsprozess. Durch Qualit\u00e4t und Zusammensetzung der einzelnen Chemikalien wird das Ergebnis der Beschichtung ma\u00dfgeblich beeinflusst.<\/p>\n<p>[\/vc_column_text][\/vc_column_inner][\/vc_row_inner][\/vc_column][\/vc_row][vc_row][vc_column][vc_row_inner rt_row_style=&#8220;global-style&#8220;][vc_column_inner width=&#8220;1\/3&#8243; rt_color_set=&#8220;global-style&#8220; id=&#8220;&#8220; rt_bg_image_repeat=&#8220;repeat&#8220; rt_bg_size=&#8220;auto auto&#8220; rt_bg_attachment=&#8220;scroll&#8220;][vc_btn title=&#8220;Chemisch Nickel&#8220; style=&#8220;modern&#8220; shape=&#8220;rounded&#8220; color=&#8220;sky&#8220; size=&#8220;md&#8220; align=&#8220;inline&#8220; i_align=&#8220;left&#8220; i_type=&#8220;fontawesome&#8220; i_icon_fontawesome=&#8220;fa fa-adjust&#8220; i_icon_openiconic=&#8220;vc-oi vc-oi-dial&#8220; i_icon_typicons=&#8220;typcn typcn-adjust-brightness&#8220; i_icon_entypo=&#8220;entypo-icon entypo-icon-note&#8220; i_icon_linecons=&#8220;vc_li vc_li-heart&#8220; link=&#8220;url:%2Fwp-content%2Fuploads%2Fpdf%2FProduktliste_Chemisch-NickelElektrolyte_d.pdf||target:%20_blank&#8220; button_block=&#8220;&#8220; add_icon=&#8220;&#8220; i_icon_pixelicons=&#8220;vc_pixel_icon vc_pixel_icon-alert&#8220; el_class=&#8220;button_width&#8220;][\/vc_column_inner][vc_column_inner width=&#8220;1\/3&#8243; rt_color_set=&#8220;global-style&#8220; id=&#8220;&#8220; rt_bg_image_repeat=&#8220;repeat&#8220; rt_bg_size=&#8220;auto auto&#8220; rt_bg_attachment=&#8220;scroll&#8220;][vc_btn title=&#8220;Elektrolytisch Nickel&#8220; style=&#8220;modern&#8220; shape=&#8220;rounded&#8220; color=&#8220;sky&#8220; size=&#8220;md&#8220; align=&#8220;inline&#8220; i_align=&#8220;left&#8220; i_type=&#8220;fontawesome&#8220; i_icon_fontawesome=&#8220;fa fa-adjust&#8220; i_icon_openiconic=&#8220;vc-oi vc-oi-dial&#8220; i_icon_typicons=&#8220;typcn typcn-adjust-brightness&#8220; i_icon_entypo=&#8220;entypo-icon entypo-icon-note&#8220; i_icon_linecons=&#8220;vc_li vc_li-heart&#8220; link=&#8220;url:%2Fwp-content%2Fuploads%2Fpdf%2FProduktliste_ElektrolytischNickel_d.pdf||target:%20_blank&#8220; button_block=&#8220;&#8220; add_icon=&#8220;&#8220; i_icon_pixelicons=&#8220;vc_pixel_icon vc_pixel_icon-alert&#8220; el_class=&#8220;button_width&#8220;][\/vc_column_inner][vc_column_inner width=&#8220;1\/3&#8243; rt_color_set=&#8220;global-style&#8220; id=&#8220;&#8220; rt_bg_image_repeat=&#8220;repeat&#8220; rt_bg_size=&#8220;auto auto&#8220; rt_bg_attachment=&#8220;scroll&#8220;][vc_btn title=&#8220;Lacke und Verd\u00fcnnung&#8220; style=&#8220;modern&#8220; shape=&#8220;rounded&#8220; color=&#8220;sky&#8220; size=&#8220;md&#8220; align=&#8220;inline&#8220; i_align=&#8220;left&#8220; i_type=&#8220;fontawesome&#8220; i_icon_fontawesome=&#8220;fa fa-adjust&#8220; i_icon_openiconic=&#8220;vc-oi vc-oi-dial&#8220; i_icon_typicons=&#8220;typcn typcn-adjust-brightness&#8220; i_icon_entypo=&#8220;entypo-icon entypo-icon-note&#8220; i_icon_linecons=&#8220;vc_li vc_li-heart&#8220; link=&#8220;url:%2Fwp-content%2Fuploads%2Fpdf%2FProduktliste_LackeVerduennung_d.pdf||target:%20_blank&#8220; button_block=&#8220;&#8220; add_icon=&#8220;&#8220; i_icon_pixelicons=&#8220;vc_pixel_icon vc_pixel_icon-alert&#8220; el_class=&#8220;button_width&#8220;][\/vc_column_inner][\/vc_row_inner][vc_column_text]<\/p>\n<p>[\/vc_column_text][\/vc_column][\/vc_row][vc_row rt_row_background_width=&#8220;default&#8220; rt_row_content_width=&#8220;default&#8220; rt_row_style=&#8220;default-style&#8220; rt_row_borders=&#8220;&#8220; rt_overlap=&#8220;&#8220; rt_grid=&#8220;&#8220; rt_row_paddings=&#8220;true&#8220; id=&#8220;&#8220; rt_bg_effect=&#8220;classic&#8220; rt_bg_parallax_effect=&#8220;1&#8243; rt_bg_image_repeat=&#8220;repeat&#8220; rt_bg_size=&#8220;cover&#8220; rt_bg_position=&#8220;right top&#8220; rt_bg_attachment=&#8220;scroll&#8220;][vc_column width=&#8220;1\/1&#8243; rt_color_set=&#8220;global-style&#8220; id=&#8220;&#8220; rt_bg_image_repeat=&#8220;repeat&#8220; rt_bg_size=&#8220;auto auto&#8220; rt_bg_attachment=&#8220;scroll&#8220;][vc_row_inner rt_row_style=&#8220;global-style&#8220; el_id=&#8220;&#8220;][vc_column_inner width=&#8220;1\/3&#8243; rt_color_set=&#8220;global-style&#8220; id=&#8220;&#8220; rt_bg_image_repeat=&#8220;repeat&#8220; rt_bg_size=&#8220;auto auto&#8220; rt_bg_attachment=&#8220;scroll&#8220;][vc_btn title=&#8220;Reinigungsmittel&#8220; style=&#8220;modern&#8220; shape=&#8220;rounded&#8220; color=&#8220;sky&#8220; size=&#8220;md&#8220; align=&#8220;inline&#8220; i_align=&#8220;left&#8220; i_type=&#8220;fontawesome&#8220; i_icon_fontawesome=&#8220;fa fa-adjust&#8220; i_icon_openiconic=&#8220;vc-oi vc-oi-dial&#8220; i_icon_typicons=&#8220;typcn typcn-adjust-brightness&#8220; i_icon_entypo=&#8220;entypo-icon entypo-icon-note&#8220; i_icon_linecons=&#8220;vc_li vc_li-heart&#8220; link=&#8220;url:%2Fwp-content%2Fuploads%2Fpdf%2FProduktliste_Reinigungsmittel_d.pdf||target:%20_blank&#8220; button_block=&#8220;&#8220; add_icon=&#8220;&#8220; i_icon_pixelicons=&#8220;vc_pixel_icon vc_pixel_icon-alert&#8220; el_class=&#8220;button_width&#8220;][\/vc_column_inner][vc_column_inner width=&#8220;1\/3&#8243; rt_color_set=&#8220;global-style&#8220; id=&#8220;&#8220; rt_bg_image_repeat=&#8220;repeat&#8220; rt_bg_size=&#8220;auto auto&#8220; rt_bg_attachment=&#8220;scroll&#8220;][vc_btn title=&#8220;Vorbehandlung&#8220; style=&#8220;modern&#8220; shape=&#8220;rounded&#8220; color=&#8220;sky&#8220; size=&#8220;md&#8220; align=&#8220;inline&#8220; i_align=&#8220;left&#8220; i_type=&#8220;fontawesome&#8220; i_icon_fontawesome=&#8220;fa fa-adjust&#8220; i_icon_openiconic=&#8220;vc-oi vc-oi-dial&#8220; i_icon_typicons=&#8220;typcn typcn-adjust-brightness&#8220; i_icon_entypo=&#8220;entypo-icon entypo-icon-note&#8220; i_icon_linecons=&#8220;vc_li vc_li-heart&#8220; link=&#8220;url:%2Fwp-content%2Fuploads%2Fpdf%2FProduktliste_ChemikalienVorbehandlung-Stahl-Messing-Kupfer-Bronze_d.pdf||target:%20_blank&#8220; button_block=&#8220;&#8220; add_icon=&#8220;&#8220; i_icon_pixelicons=&#8220;vc_pixel_icon vc_pixel_icon-alert&#8220; el_class=&#8220;button_width&#8220;][\/vc_column_inner][vc_column_inner width=&#8220;1\/3&#8243; rt_color_set=&#8220;global-style&#8220; id=&#8220;&#8220; rt_bg_image_repeat=&#8220;repeat&#8220; rt_bg_size=&#8220;auto auto&#8220; rt_bg_attachment=&#8220;scroll&#8220;][vc_btn title=&#8220;Abl\u00f6se-Chemikalien&#8220; style=&#8220;modern&#8220; shape=&#8220;rounded&#8220; color=&#8220;sky&#8220; size=&#8220;md&#8220; align=&#8220;inline&#8220; i_align=&#8220;left&#8220; i_type=&#8220;fontawesome&#8220; i_icon_fontawesome=&#8220;fa fa-adjust&#8220; i_icon_openiconic=&#8220;vc-oi vc-oi-dial&#8220; i_icon_typicons=&#8220;typcn typcn-adjust-brightness&#8220; i_icon_entypo=&#8220;entypo-icon entypo-icon-note&#8220; i_icon_linecons=&#8220;vc_li vc_li-heart&#8220; link=&#8220;url:%2Fwp-content%2Fuploads%2Fpdf%2FProduktliste_AbloesechemikalienNickel_d.pdf||target:%20_blank&#8220; button_block=&#8220;&#8220; add_icon=&#8220;&#8220; i_icon_pixelicons=&#8220;vc_pixel_icon vc_pixel_icon-alert&#8220; el_class=&#8220;button_width&#8220;][\/vc_column_inner][\/vc_row_inner][vc_column_text css_animation=&#8220;&#8220;]<\/p>\n<p>[\/vc_column_text][\/vc_column][\/vc_row][vc_row rt_row_background_width=&#8220;default&#8220; rt_row_content_width=&#8220;default&#8220; rt_row_style=&#8220;default-style&#8220; rt_row_borders=&#8220;&#8220; rt_overlap=&#8220;&#8220; rt_grid=&#8220;&#8220; rt_row_paddings=&#8220;true&#8220; id=&#8220;&#8220; rt_bg_effect=&#8220;classic&#8220; rt_bg_parallax_effect=&#8220;1&#8243; rt_bg_image_repeat=&#8220;repeat&#8220; rt_bg_size=&#8220;cover&#8220; rt_bg_position=&#8220;right top&#8220; rt_bg_attachment=&#8220;scroll&#8220;][vc_column width=&#8220;1\/1&#8243; rt_color_set=&#8220;global-style&#8220; id=&#8220;&#8220; rt_bg_image_repeat=&#8220;repeat&#8220; rt_bg_size=&#8220;auto auto&#8220; rt_bg_attachment=&#8220;scroll&#8220;][vc_column_text]<br \/>\n[\/vc_column_text][\/vc_column][\/vc_row]<\/p>","protected":false},"excerpt":{"rendered":"<p>[vc_row rt_row_background_width=&#8220;default&#8220; rt_row_content_width=&#8220;default&#8220; rt_row_style=&#8220;default-style&#8220; rt_row_borders=&#8220;&#8220; rt_overlap=&#8220;&#8220; rt_grid=&#8220;&#8220; rt_row_paddings=&#8220;true&#8220; id=&#8220;&#8220; rt_bg_effect=&#8220;classic&#8220; rt_bg_parallax_effect=&#8220;1&#8243; rt_bg_image_repeat=&#8220;repeat&#8220; rt_bg_size=&#8220;cover&#8220; rt_bg_position=&#8220;right top&#8220; rt_bg_attachment=&#8220;scroll&#8220;][vc_column width=&#8220;1\/1&#8243; rt_color_set=&#8220;global-style&#8220; id=&#8220;&#8220; rt_bg_image_repeat=&#8220;repeat&#8220; rt_bg_size=&#8220;auto auto&#8220; rt_bg_attachment=&#8220;scroll&#8220;][rev_slider_vc alias=&#8220;slider_chemikalien&#8220;][vc_row_inner rt_row_style=&#8220;global-style&#8220;][vc_column_inner width=&#8220;1\/1&#8243; rt_color_set=&#8220;global-style&#8220; id=&#8220;&#8220; rt_bg_image_repeat=&#8220;repeat&#8220; rt_bg_size=&#8220;auto auto&#8220; rt_bg_attachment=&#8220;scroll&#8220;][vc_column_text] Prozess-Chemikalien sind die grundlegende Basis f\u00fcr jeden funktionierenden Beschichtungsprozess. Durch Qualit\u00e4t und Zusammensetzung der einzelnen Chemikalien wird das Ergebnis der Beschichtung ma\u00dfgeblich beeinflusst. [&hellip;]<\/p>\n","protected":false},"author":1,"featured_media":0,"parent":0,"menu_order":0,"comment_status":"open","ping_status":"closed","template":"","meta":{"footnotes":""},"class_list":["post-3741","page","type-page","status-publish","hentry"],"_links":{"self":[{"href":"https:\/\/www.abrasiveplant-technology.com\/de\/wp-json\/wp\/v2\/pages\/3741"}],"collection":[{"href":"https:\/\/www.abrasiveplant-technology.com\/de\/wp-json\/wp\/v2\/pages"}],"about":[{"href":"https:\/\/www.abrasiveplant-technology.com\/de\/wp-json\/wp\/v2\/types\/page"}],"author":[{"embeddable":true,"href":"https:\/\/www.abrasiveplant-technology.com\/de\/wp-json\/wp\/v2\/users\/1"}],"replies":[{"embeddable":true,"href":"https:\/\/www.abrasiveplant-technology.com\/de\/wp-json\/wp\/v2\/comments?post=3741"}],"version-history":[{"count":12,"href":"https:\/\/www.abrasiveplant-technology.com\/de\/wp-json\/wp\/v2\/pages\/3741\/revisions"}],"predecessor-version":[{"id":4020,"href":"https:\/\/www.abrasiveplant-technology.com\/de\/wp-json\/wp\/v2\/pages\/3741\/revisions\/4020"}],"wp:attachment":[{"href":"https:\/\/www.abrasiveplant-technology.com\/de\/wp-json\/wp\/v2\/media?parent=3741"}],"curies":[{"name":"wp","href":"https:\/\/api.w.org\/{rel}","templated":true}]}}