{"id":3899,"date":"2016-05-09T10:34:35","date_gmt":"2016-05-09T08:34:35","guid":{"rendered":"http:\/\/www.abrasiveplant-technology.com\/?page_id=3899"},"modified":"2016-09-28T12:45:15","modified_gmt":"2016-09-28T10:45:15","slug":"aktuelles","status":"publish","type":"page","link":"https:\/\/www.abrasiveplant-technology.com\/de\/aktuelles\/","title":{"rendered":"Aktuelles"},"content":{"rendered":"<p>[vc_row rt_overlap=&#8220;true&#8220; rt_padding_top=&#8220;25&#8243; rt_padding_bottom=&#8220;25&#8243;][vc_column]\n<div id=\"blog-dynamicID-202818\" class=\"blog_list clearfix \" data-column-width=\"1\">\n \n\n<!-- blog box-->\n<article class=\"loop post-4291 post type-post status-publish format-standard hentry category-aktuelles\" id=\"post-4291\">\n\t\t\n\t\n\t\n\n\t<div class=\"date\"><a href=\"https:\/\/www.abrasiveplant-technology.com\/de\/2017\/01\/20\/automatische-lackieranlage-tlafca-1-d45\/\">Freitag, der 20. Januar 2017<\/a><\/div> \n\t<div class=\"text entry-content\">\n\n\t\t<!-- blog headline-->\n\t\t<h2 class=\"entry-title\"><a href=\"https:\/\/www.abrasiveplant-technology.com\/de\/2017\/01\/20\/automatische-lackieranlage-tlafca-1-d45\/\" rel=\"bookmark\">Automatische Lackieranlage TLA\/FCA 1-D45<\/a><\/h2> \n\t\t\t\n\n\t\t<p>[vc_row][vc_column width=&#8220;1\/3&#8243;][vc_single_image image=&#8220;4293&#8243; img_size=&#8220;full&#8220;][\/vc_column][vc_column width=&#8220;2\/3&#8243;][vc_column_text]Zur Farbringcodierung und\/oder Schutzlackierung von Dentalbohrern (Typ FG, H, HP und RA), Implantatfr\u00e4sern, Fr\u00e4sern, Schleifstiften, Spiral-und Gewindebohrern und dergleichen mit Schaft-\u00d8 1,0 \u2013 10,0 mm.<\/p>\n<p><a href=\"https:\/\/www.abrasiveplant-technology.com\/wp-content\/uploads\/pdf\/Produktblatt TLA_FCA 1-D45_d.pdf\" target=\"_blank\">Download Datenblatt TLA\/FCA 1-D45\u00a0(pdf)<\/a>[\/vc_column_text][\/vc_column][\/vc_row]<\/p>\n\n\t\t\t\t<!-- meta data -->\r\n\t\t<div class=\"post_data\">\r\n\r\n\t\t\t\r\n\t\t\t\r\n\t\t\t\r\n\t\t\t\r\n\t\t<\/div><!-- \/ end div  .post_data -->\r\n\t\n\t<\/div> \n\n<\/article> \n<!-- \/ blog box-->\n<\/div>\n[\/vc_column][\/vc_row]<\/p>\n","protected":false},"excerpt":{"rendered":"<p>[vc_row rt_overlap=&#8220;true&#8220; rt_padding_top=&#8220;25&#8243; rt_padding_bottom=&#8220;25&#8243;][vc_column][\/vc_column][\/vc_row]<\/p>\n","protected":false},"author":1,"featured_media":0,"parent":0,"menu_order":0,"comment_status":"open","ping_status":"closed","template":"","meta":{"footnotes":""},"class_list":["post-3899","page","type-page","status-publish","hentry"],"_links":{"self":[{"href":"https:\/\/www.abrasiveplant-technology.com\/de\/wp-json\/wp\/v2\/pages\/3899"}],"collection":[{"href":"https:\/\/www.abrasiveplant-technology.com\/de\/wp-json\/wp\/v2\/pages"}],"about":[{"href":"https:\/\/www.abrasiveplant-technology.com\/de\/wp-json\/wp\/v2\/types\/page"}],"author":[{"embeddable":true,"href":"https:\/\/www.abrasiveplant-technology.com\/de\/wp-json\/wp\/v2\/users\/1"}],"replies":[{"embeddable":true,"href":"https:\/\/www.abrasiveplant-technology.com\/de\/wp-json\/wp\/v2\/comments?post=3899"}],"version-history":[{"count":5,"href":"https:\/\/www.abrasiveplant-technology.com\/de\/wp-json\/wp\/v2\/pages\/3899\/revisions"}],"predecessor-version":[{"id":4028,"href":"https:\/\/www.abrasiveplant-technology.com\/de\/wp-json\/wp\/v2\/pages\/3899\/revisions\/4028"}],"wp:attachment":[{"href":"https:\/\/www.abrasiveplant-technology.com\/de\/wp-json\/wp\/v2\/media?parent=3899"}],"curies":[{"name":"wp","href":"https:\/\/api.w.org\/{rel}","templated":true}]}}