{"id":9,"date":"2015-02-02T04:30:57","date_gmt":"2015-02-02T03:30:57","guid":{"rendered":"http:\/\/rttheme19.rtthemes.com\/?page_id=9"},"modified":"2018-03-21T14:30:20","modified_gmt":"2018-03-21T13:30:20","slug":"unternehmen","status":"publish","type":"page","link":"https:\/\/www.abrasiveplant-technology.com\/de\/unternehmen\/","title":{"rendered":"Unternehmen"},"content":{"rendered":"<p>[vc_row rt_bg_image_repeat=&#8220;no-repeat&#8220; rt_bg_size=&#8220;100% auto&#8220; rt_bg_position=&#8220;center top&#8220; rt_padding_top=&#8220;60&#8243; rt_padding_bottom=&#8220;60&#8243;][vc_column]<div class=\"rt_heading_wrapper style-4\">\n\t\t\t\t\t\t<h1 class=\"rt_heading  style-4\" >\u00dcBER UNS<\/h1>\n\t\t\t\t\t<\/div>[\/vc_column][\/vc_row][vc_row rt_row_borders=&#8220;bottom&#8220; rt_padding_top=&#8220;25&#8243; rt_padding_bottom=&#8220;25&#8243;][vc_column][vc_column_text]<\/p>\n<p>Wir sind ein national und international ausgerichtetes Unternehmen. Der direkte Kontakt zum Kunden vor Ort ist uns wichtig. Wir sehen es als unsere Verpflichtung, Ihnen direkt oder durch unsere Vertriebspartner kompetent mit unserem Know-how zur Seite zu stehen. Jahrelange Erfahrung und h\u00f6chste Flexibilit\u00e4t sind die Garanten f\u00fcr eine dauerhafte partnerschaftliche Zusammenarbeit mit unseren Kunden. Die Kontaktdaten unsere Vertretungen und Vertriebspartner finden Sie unter \u201e<a href=\"https:\/\/www.abrasiveplant-technology.com\/vertretungen\/\">Kontakt \u2013 Vertretungen<\/a>\u201c.<\/p>\n<p>[\/vc_column_text][\/vc_column][\/vc_row][vc_row rt_grid=&#8220;true&#8220;][vc_column width=&#8220;1\/2&#8243;]<div class=\"rt_heading_wrapper \">\n\t\t\t\t\t\t<h3 class=\"rt_heading  \" >Pr\u00e4zision und Qualit\u00e4t<\/h3>\n\t\t\t\t\t<\/div>[vc_column_text]Unser Name steht f\u00fcr h\u00f6chste Anspr\u00fcche in Sachen Pr\u00e4zision, Qualit\u00e4t und Kundenzufriedenheit. Um diesen Anforderungen auch in Zukunft gerecht zu werden bieten wir Ihnen folgendes:<\/p>\n<ul>\n<li>Komplettl\u00f6sungen<\/li>\n<li>Einzelkomponenten um bestehende Anlagensysteme zu modernisieren und zu erweitern<\/li>\n<li>Zubeh\u00f6r und Chemikalien<\/li>\n<li>Vorrichtungen f\u00fcr jegliche Anwendungen<\/li>\n<li>Beratung und Unterst\u00fctzung<\/li>\n<li>Service weltweit<\/li>\n<\/ul>\n<p>[\/vc_column_text][\/vc_column][vc_column width=&#8220;1\/2&#8243;]<div class=\"rt_heading_wrapper \">\n\t\t\t\t\t\t<h3 class=\"rt_heading  \" >Qualit\u00e4t ist unser Prinzip<\/h3>\n\t\t\t\t\t<\/div>[vc_column_text]TRENKER 3T-CONSULTING ist seit \u00fcber 25 Jahren ein weltweit f\u00fchrender Hersteller von Anlagen und Technologie zur Herstellung von Werkzeugen und Bauteilen mit hochabrasiven Schleifstoffen (Diamant + CBN). Deswegen wei\u00df das Engineering-Team von TRENKER 3T-CONSULTING, dass die h\u00f6chsten und wichtigsten Maxime die Qualit\u00e4t und Langlebigkeit Ihrer Produkte sind. Wir arbeiten sorgf\u00e4ltig auch an den kleinsten Details, damit Ihr Produkt unser Werk in einem hohen Qualit\u00e4tsstandard verl\u00e4sst.<\/p>\n<p>Die vollste Zufriedenheit unserer Kunden ist hierf\u00fcr die beste Best\u00e4tigung.[\/vc_column_text][\/vc_column][\/vc_row]<\/p>","protected":false},"excerpt":{"rendered":"<p>[vc_row rt_bg_image_repeat=&#8220;no-repeat&#8220; rt_bg_size=&#8220;100% auto&#8220; rt_bg_position=&#8220;center top&#8220; rt_padding_top=&#8220;60&#8243; rt_padding_bottom=&#8220;60&#8243;][vc_column][\/vc_column][\/vc_row][vc_row rt_row_borders=&#8220;bottom&#8220; rt_padding_top=&#8220;25&#8243; rt_padding_bottom=&#8220;25&#8243;][vc_column][vc_column_text] Wir sind ein national und international ausgerichtetes Unternehmen. Der direkte Kontakt zum Kunden vor Ort ist uns wichtig. Wir sehen es als unsere Verpflichtung, Ihnen direkt oder durch unsere Vertriebspartner kompetent mit unserem Know-how zur Seite zu stehen. Jahrelange Erfahrung und h\u00f6chste Flexibilit\u00e4t sind [&hellip;]<\/p>\n","protected":false},"author":1,"featured_media":0,"parent":0,"menu_order":0,"comment_status":"open","ping_status":"closed","template":"","meta":{"footnotes":""},"class_list":["post-9","page","type-page","status-publish","hentry"],"_links":{"self":[{"href":"https:\/\/www.abrasiveplant-technology.com\/de\/wp-json\/wp\/v2\/pages\/9"}],"collection":[{"href":"https:\/\/www.abrasiveplant-technology.com\/de\/wp-json\/wp\/v2\/pages"}],"about":[{"href":"https:\/\/www.abrasiveplant-technology.com\/de\/wp-json\/wp\/v2\/types\/page"}],"author":[{"embeddable":true,"href":"https:\/\/www.abrasiveplant-technology.com\/de\/wp-json\/wp\/v2\/users\/1"}],"replies":[{"embeddable":true,"href":"https:\/\/www.abrasiveplant-technology.com\/de\/wp-json\/wp\/v2\/comments?post=9"}],"version-history":[{"count":18,"href":"https:\/\/www.abrasiveplant-technology.com\/de\/wp-json\/wp\/v2\/pages\/9\/revisions"}],"predecessor-version":[{"id":4321,"href":"https:\/\/www.abrasiveplant-technology.com\/de\/wp-json\/wp\/v2\/pages\/9\/revisions\/4321"}],"wp:attachment":[{"href":"https:\/\/www.abrasiveplant-technology.com\/de\/wp-json\/wp\/v2\/media?parent=9"}],"curies":[{"name":"wp","href":"https:\/\/api.w.org\/{rel}","templated":true}]}}